{"id":6097,"date":"2020-02-28T20:36:41","date_gmt":"2020-02-28T20:36:41","guid":{"rendered":"https:\/\/www.flegracollection.com\/eglence-ve-gunes-turlari\/"},"modified":"2020-03-28T21:13:29","modified_gmt":"2020-03-28T21:13:29","slug":"eglence-ve-gunes-turlari","status":"publish","type":"page","link":"https:\/\/www.flegracollection.com\/tr\/bilinmesi-iyi\/eglence-ve-gunes-turlari\/","title":{"rendered":"E\u011flence ve G\u00fcne\u015f Turlar\u0131"},"content":{"rendered":"\t\t<div data-elementor-type=\"wp-page\" data-elementor-id=\"6097\" class=\"elementor elementor-6097 elementor-1459\">\n\t\t\t\t\t\t<section class=\"elementor-section elementor-top-section elementor-element elementor-element-a07461f elementor-section-boxed elementor-section-height-default elementor-section-height-default\" data-id=\"a07461f\" data-element_type=\"section\" data-e-type=\"section\" data-settings=\"{&quot;jet_parallax_layout_list&quot;:[{&quot;jet_parallax_layout_image&quot;:{&quot;url&quot;:&quot;&quot;,&quot;id&quot;:&quot;&quot;,&quot;size&quot;:&quot;&quot;},&quot;_id&quot;:&quot;f91c91e&quot;,&quot;jet_parallax_layout_image_tablet&quot;:{&quot;url&quot;:&quot;&quot;,&quot;id&quot;:&quot;&quot;,&quot;size&quot;:&quot;&quot;},&quot;jet_parallax_layout_image_mobile&quot;:{&quot;url&quot;:&quot;&quot;,&quot;id&quot;:&quot;&quot;,&quot;size&quot;:&quot;&quot;},&quot;jet_parallax_layout_speed&quot;:{&quot;unit&quot;:&quot;%&quot;,&quot;size&quot;:50,&quot;sizes&quot;:[]},&quot;jet_parallax_layout_type&quot;:&quot;scroll&quot;,&quot;jet_parallax_layout_direction&quot;:&quot;1&quot;,&quot;jet_parallax_layout_fx_direction&quot;:null,&quot;jet_parallax_layout_z_index&quot;:&quot;&quot;,&quot;jet_parallax_layout_bg_x&quot;:50,&quot;jet_parallax_layout_bg_y&quot;:50,&quot;jet_parallax_layout_bg_size&quot;:&quot;auto&quot;,&quot;jet_parallax_layout_animation_prop&quot;:&quot;transform&quot;,&quot;jet_parallax_layout_on&quot;:[&quot;desktop&quot;,&quot;tablet&quot;],&quot;jet_parallax_layout_bg_x_tablet&quot;:&quot;&quot;,&quot;jet_parallax_layout_bg_x_mobile&quot;:&quot;&quot;,&quot;jet_parallax_layout_bg_y_tablet&quot;:&quot;&quot;,&quot;jet_parallax_layout_bg_y_mobile&quot;:&quot;&quot;,&quot;jet_parallax_layout_bg_size_tablet&quot;:&quot;&quot;,&quot;jet_parallax_layout_bg_size_mobile&quot;:&quot;&quot;}]}\">\n\t\t\t\t\t\t<div class=\"elementor-container elementor-column-gap-default\">\n\t\t\t\t\t<div class=\"elementor-column elementor-col-100 elementor-top-column elementor-element elementor-element-a969f56\" data-id=\"a969f56\" data-element_type=\"column\" data-e-type=\"column\">\n\t\t\t<div class=\"elementor-widget-wrap elementor-element-populated\">\n\t\t\t\t\t\t<div class=\"elementor-element elementor-element-0a45bea elementor-widget elementor-widget-text-editor\" data-id=\"0a45bea\" data-element_type=\"widget\" data-e-type=\"widget\" data-widget_type=\"text-editor.default\">\n\t\t\t\t<div class=\"elementor-widget-container\">\n\t\t\t\t\t\t\t\t\t<p>Sizi b\u00f6lgenin gizli m\u00fccevherlerine g\u00f6t\u00fcrecek bir teknede g\u00fcnlerinizin tad\u0131n\u0131 \u00e7\u0131karmak, muhtemelen en iyi yaz tatilini deneyimlemek i\u00e7in ideal bir yoldur. Burada olduk\u00e7a fazla se\u00e7enek var. Gelmeden bile Flegra Ekibimize dan\u0131\u015f\u0131n!<\/p>\n\t\t\t\t\t\t\t\t<\/div>\n\t\t\t\t<\/div>\n\t\t\t\t\t<\/div>\n\t\t<\/div>\n\t\t\t\t\t<\/div>\n\t\t<\/section>\n\t\t\t\t<section class=\"elementor-section elementor-top-section elementor-element elementor-element-a878cd0 elementor-section-boxed elementor-section-height-default elementor-section-height-default\" data-id=\"a878cd0\" data-element_type=\"section\" data-e-type=\"section\" data-settings=\"{&quot;jet_parallax_layout_list&quot;:[{&quot;jet_parallax_layout_image&quot;:{&quot;url&quot;:&quot;&quot;,&quot;id&quot;:&quot;&quot;,&quot;size&quot;:&quot;&quot;},&quot;_id&quot;:&quot;1080a1a&quot;,&quot;jet_parallax_layout_image_tablet&quot;:{&quot;url&quot;:&quot;&quot;,&quot;id&quot;:&quot;&quot;,&quot;size&quot;:&quot;&quot;},&quot;jet_parallax_layout_image_mobile&quot;:{&quot;url&quot;:&quot;&quot;,&quot;id&quot;:&quot;&quot;,&quot;size&quot;:&quot;&quot;},&quot;jet_parallax_layout_speed&quot;:{&quot;unit&quot;:&quot;%&quot;,&quot;size&quot;:50,&quot;sizes&quot;:[]},&quot;jet_parallax_layout_type&quot;:&quot;scroll&quot;,&quot;jet_parallax_layout_direction&quot;:&quot;1&quot;,&quot;jet_parallax_layout_fx_direction&quot;:null,&quot;jet_parallax_layout_z_index&quot;:&quot;&quot;,&quot;jet_parallax_layout_bg_x&quot;:50,&quot;jet_parallax_layout_bg_y&quot;:50,&quot;jet_parallax_layout_bg_size&quot;:&quot;auto&quot;,&quot;jet_parallax_layout_animation_prop&quot;:&quot;transform&quot;,&quot;jet_parallax_layout_on&quot;:[&quot;desktop&quot;,&quot;tablet&quot;],&quot;jet_parallax_layout_bg_x_tablet&quot;:&quot;&quot;,&quot;jet_parallax_layout_bg_x_mobile&quot;:&quot;&quot;,&quot;jet_parallax_layout_bg_y_tablet&quot;:&quot;&quot;,&quot;jet_parallax_layout_bg_y_mobile&quot;:&quot;&quot;,&quot;jet_parallax_layout_bg_size_tablet&quot;:&quot;&quot;,&quot;jet_parallax_layout_bg_size_mobile&quot;:&quot;&quot;}]}\">\n\t\t\t\t\t\t<div class=\"elementor-container elementor-column-gap-default\">\n\t\t\t\t\t<div class=\"elementor-column elementor-col-100 elementor-top-column elementor-element elementor-element-6af7553\" data-id=\"6af7553\" data-element_type=\"column\" data-e-type=\"column\">\n\t\t\t<div class=\"elementor-widget-wrap elementor-element-populated\">\n\t\t\t\t\t\t<div class=\"elementor-element elementor-element-f623afd elementor-widget elementor-widget-raven-posts\" data-id=\"f623afd\" data-element_type=\"widget\" data-e-type=\"widget\" data-settings=\"{&quot;classic_columns&quot;:&quot;2&quot;,&quot;query_posts_per_page&quot;:12,&quot;_skin&quot;:&quot;classic&quot;,&quot;classic_layout&quot;:&quot;grid&quot;,&quot;classic_columns_tablet&quot;:&quot;2&quot;,&quot;classic_columns_mobile&quot;:&quot;1&quot;,&quot;query_offset&quot;:0}\" data-widget_type=\"raven-posts.classic\">\n\t\t\t\t<div class=\"elementor-widget-container\">\n\t\t\t\t\t\t\t<div class=\"raven-posts raven-grid raven-grid-2 raven-grid-mobile-1 raven-grid-tablet-2\" data-post-id=\"6097\" data-archive-query=\"\" data-lang=\"\">\n\t\t\t\t<div class=\"raven-grid-item raven-post-item post-5708 post type-post status-publish format-standard has-post-thumbnail hentry category-eglence-ve-gunes-turlari\">\n\t\t\t<div class=\"raven-post elementor-animation-shrink\">\n\t\t\t\t\t\t<div class=\"raven-post-image-wrap\">\n\t\t\t<a class=\"raven-post-image raven-image-fit\" href=\"https:\/\/www.flegracollection.com\/tr\/cam-tabanli-toroneos-cruise\/\"><img fetchpriority=\"high\" decoding=\"async\" width=\"1024\" height=\"1024\" src=\"https:\/\/www.flegracollection.com\/wp-content\/uploads\/2019\/08\/cruises-in-halkidiki-fun-and-sun-1024x1024.jpg\" class=\"attachment-large size-large wp-image-5727\" alt=\"\" srcset=\"https:\/\/www.flegracollection.com\/wp-content\/uploads\/2019\/08\/cruises-in-halkidiki-fun-and-sun-1024x1024.jpg 1024w, https:\/\/www.flegracollection.com\/wp-content\/uploads\/2019\/08\/cruises-in-halkidiki-fun-and-sun-300x300.jpg 300w, https:\/\/www.flegracollection.com\/wp-content\/uploads\/2019\/08\/cruises-in-halkidiki-fun-and-sun-1536x1536.jpg 1536w, https:\/\/www.flegracollection.com\/wp-content\/uploads\/2019\/08\/cruises-in-halkidiki-fun-and-sun-2048x2048.jpg 2048w, https:\/\/www.flegracollection.com\/wp-content\/uploads\/2019\/08\/cruises-in-halkidiki-fun-and-sun-500x500.jpg 500w\" sizes=\"(max-width: 1024px) 100vw, 1024px\" \/> <span class=\"raven-post-image-overlay\"><\/span><\/a>\t\t<\/div>\n\t\t\t\t\t\t<div class=\"raven-post-content\">\n\t\t\t\t\t<h3 class=\"raven-post-title\"><a class=\"raven-post-title-link\" href=\"https:\/\/www.flegracollection.com\/tr\/cam-tabanli-toroneos-cruise\/\">Cam Tabanl\u0131 Toroneos Cruise<\/a><\/h3><div class=\"raven-post-excerpt\">Chrousso&#8217;dan kalkan ve orta yar\u0131madan Toroni&#8217;ye giden tekne, plaja yak\u0131n kalacak. Kristal berrakl\u0131\u011f\u0131nda Ege sular\u0131nda \u015fnorkelle y\u00fczebilir ve y\u00fczebilirsiniz. E\u011flenin ve plajda oyun oynay\u0131n veya sadece bronzla\u015f\u0131n. D\u00f6n\u00fc\u015f\u00fcn\u00fcz s\u00fcresince teknede<\/div>\t\t<div class=\"raven-post-read-more\">\n\t\t\t<a class=\"raven-post-button\" href=\"https:\/\/www.flegracollection.com\/tr\/cam-tabanli-toroneos-cruise\/\"><span class=\"raven-post-button-text\">Daha fazla g\u00f6r<\/span><\/a>\n\t\t<\/div>\n\t\t\t\t\t\t<\/div>\n\t\t\t<\/div>\n\t\t<\/div>\n\t\t\t\t<div class=\"raven-grid-item raven-post-item post-5729 post type-post status-publish format-standard has-post-thumbnail hentry category-eglence-ve-gunes-turlari\">\n\t\t\t<div class=\"raven-post elementor-animation-shrink\">\n\t\t\t\t\t\t<div class=\"raven-post-image-wrap\">\n\t\t\t<a class=\"raven-post-image raven-image-fit\" href=\"https:\/\/www.flegracollection.com\/tr\/yelkenli-turu\/\"><img decoding=\"async\" width=\"1024\" height=\"1024\" src=\"https:\/\/www.flegracollection.com\/wp-content\/uploads\/2019\/08\/Day-Sailing-in-halkidiki-1024x1024.jpg\" class=\"attachment-large size-large wp-image-5749\" alt=\"\" srcset=\"https:\/\/www.flegracollection.com\/wp-content\/uploads\/2019\/08\/Day-Sailing-in-halkidiki-1024x1024.jpg 1024w, https:\/\/www.flegracollection.com\/wp-content\/uploads\/2019\/08\/Day-Sailing-in-halkidiki-300x300.jpg 300w, https:\/\/www.flegracollection.com\/wp-content\/uploads\/2019\/08\/Day-Sailing-in-halkidiki-1536x1536.jpg 1536w, https:\/\/www.flegracollection.com\/wp-content\/uploads\/2019\/08\/Day-Sailing-in-halkidiki-2048x2048.jpg 2048w, https:\/\/www.flegracollection.com\/wp-content\/uploads\/2019\/08\/Day-Sailing-in-halkidiki-500x500.jpg 500w\" sizes=\"(max-width: 1024px) 100vw, 1024px\" \/> <span class=\"raven-post-image-overlay\"><\/span><\/a>\t\t<\/div>\n\t\t\t\t\t\t<div class=\"raven-post-content\">\n\t\t\t\t\t<h3 class=\"raven-post-title\"><a class=\"raven-post-title-link\" href=\"https:\/\/www.flegracollection.com\/tr\/yelkenli-turu\/\">Yelkenli Turu<\/a><\/h3><div class=\"raven-post-excerpt\">Halkidiki&#8217;nin keyfini yeni bir \u015fekilde \u00e7\u0131kar\u0131n. Kassandra&#8217;n\u0131n g\u00fczel koylar\u0131 ve plajlar\u0131 olan \u00f6zel bir yelkenli yatta 12 ki\u015filik bir grupla ke\u015ffedin. Kristal berrakl\u0131\u011f\u0131nda sular\u0131 ve parlak g\u00fcne\u015fi olan deniz unutulmaz<\/div>\t\t<div class=\"raven-post-read-more\">\n\t\t\t<a class=\"raven-post-button\" href=\"https:\/\/www.flegracollection.com\/tr\/yelkenli-turu\/\"><span class=\"raven-post-button-text\">Daha fazla g\u00f6r<\/span><\/a>\n\t\t<\/div>\n\t\t\t\t\t\t<\/div>\n\t\t\t<\/div>\n\t\t<\/div>\n\t\t\t\t<div class=\"raven-grid-item raven-post-item post-5751 post type-post status-publish format-standard has-post-thumbnail hentry category-eglence-ve-gunes-turlari\">\n\t\t\t<div class=\"raven-post elementor-animation-shrink\">\n\t\t\t\t\t\t<div class=\"raven-post-image-wrap\">\n\t\t\t<a class=\"raven-post-image raven-image-fit\" href=\"https:\/\/www.flegracollection.com\/tr\/athos-tekne-turu\/\"><img decoding=\"async\" width=\"1024\" height=\"1024\" src=\"https:\/\/www.flegracollection.com\/wp-content\/uploads\/2019\/08\/Athos-Cruise-halkidiki-1024x1024.jpg\" class=\"attachment-large size-large wp-image-5773\" alt=\"\" srcset=\"https:\/\/www.flegracollection.com\/wp-content\/uploads\/2019\/08\/Athos-Cruise-halkidiki-1024x1024.jpg 1024w, https:\/\/www.flegracollection.com\/wp-content\/uploads\/2019\/08\/Athos-Cruise-halkidiki-300x300.jpg 300w, https:\/\/www.flegracollection.com\/wp-content\/uploads\/2019\/08\/Athos-Cruise-halkidiki-1536x1536.jpg 1536w, https:\/\/www.flegracollection.com\/wp-content\/uploads\/2019\/08\/Athos-Cruise-halkidiki-2048x2048.jpg 2048w, https:\/\/www.flegracollection.com\/wp-content\/uploads\/2019\/08\/Athos-Cruise-halkidiki-500x500.jpg 500w\" sizes=\"(max-width: 1024px) 100vw, 1024px\" \/> <span class=\"raven-post-image-overlay\"><\/span><\/a>\t\t<\/div>\n\t\t\t\t\t\t<div class=\"raven-post-content\">\n\t\t\t\t\t<h3 class=\"raven-post-title\"><a class=\"raven-post-title-link\" href=\"https:\/\/www.flegracollection.com\/tr\/athos-tekne-turu\/\">Athos Tekne Turu<\/a><\/h3><div class=\"raven-post-excerpt\">Yar\u0131madan\u0131n g\u00fcney ucuna yak\u0131n 2033 metrelik, bazen Athos (\u201cKutsal Da\u011f\u201d) Da\u011f\u0131 olarak adland\u0131r\u0131lan da\u011f, 1000 y\u0131l\u0131 a\u015fk\u0131n bir s\u00fcredir \u00f6zerk bir devlet stat\u00fcs\u00fcne sahip. \u0130lki 963 y\u0131l\u0131nda Aziz Athanasios taraf\u0131ndan<\/div>\t\t<div class=\"raven-post-read-more\">\n\t\t\t<a class=\"raven-post-button\" href=\"https:\/\/www.flegracollection.com\/tr\/athos-tekne-turu\/\"><span class=\"raven-post-button-text\">Daha fazla g\u00f6r<\/span><\/a>\n\t\t<\/div>\n\t\t\t\t\t\t<\/div>\n\t\t\t<\/div>\n\t\t<\/div>\n\t\t\t\t<div class=\"raven-grid-item raven-post-item post-5775 post type-post status-publish format-standard has-post-thumbnail hentry category-eglence-ve-gunes-turlari\">\n\t\t\t<div class=\"raven-post elementor-animation-shrink\">\n\t\t\t\t\t\t<div class=\"raven-post-image-wrap\">\n\t\t\t<a class=\"raven-post-image raven-image-fit\" href=\"https:\/\/www.flegracollection.com\/tr\/sithonia-gunes-turlari\/\"><img loading=\"lazy\" decoding=\"async\" width=\"1024\" height=\"1024\" src=\"https:\/\/www.flegracollection.com\/wp-content\/uploads\/2019\/08\/sithonia-cruise-in-chalkidiki-1024x1024.jpg\" class=\"attachment-large size-large wp-image-5798\" alt=\"\" srcset=\"https:\/\/www.flegracollection.com\/wp-content\/uploads\/2019\/08\/sithonia-cruise-in-chalkidiki-1024x1024.jpg 1024w, https:\/\/www.flegracollection.com\/wp-content\/uploads\/2019\/08\/sithonia-cruise-in-chalkidiki-300x300.jpg 300w, https:\/\/www.flegracollection.com\/wp-content\/uploads\/2019\/08\/sithonia-cruise-in-chalkidiki-1536x1536.jpg 1536w, https:\/\/www.flegracollection.com\/wp-content\/uploads\/2019\/08\/sithonia-cruise-in-chalkidiki-2048x2048.jpg 2048w, https:\/\/www.flegracollection.com\/wp-content\/uploads\/2019\/08\/sithonia-cruise-in-chalkidiki-500x500.jpg 500w\" sizes=\"(max-width: 1024px) 100vw, 1024px\" \/> <span class=\"raven-post-image-overlay\"><\/span><\/a>\t\t<\/div>\n\t\t\t\t\t\t<div class=\"raven-post-content\">\n\t\t\t\t\t<h3 class=\"raven-post-title\"><a class=\"raven-post-title-link\" href=\"https:\/\/www.flegracollection.com\/tr\/sithonia-gunes-turlari\/\">Sithonia G\u00fcne\u015f Turlar\u0131<\/a><\/h3><div class=\"raven-post-excerpt\">Yery\u00fcz\u00fcnde hala huzur ve huzurun h\u00e2kim oldu\u011fu sevimli yar\u0131mada Sithonia&#8217;n\u0131n etraf\u0131nda bir gezinin tad\u0131n\u0131 \u00e7\u0131karabilirsiniz. Sithonia sadece bir g\u00f6ze hitap etmekten daha fazlas\u0131d\u0131r. Gezi harika manzaralar, geleneksel mimari, &#8220;karayip&#8221; plajlar\u0131<\/div>\t\t<div class=\"raven-post-read-more\">\n\t\t\t<a class=\"raven-post-button\" href=\"https:\/\/www.flegracollection.com\/tr\/sithonia-gunes-turlari\/\"><span class=\"raven-post-button-text\">Daha fazla g\u00f6r<\/span><\/a>\n\t\t<\/div>\n\t\t\t\t\t\t<\/div>\n\t\t\t<\/div>\n\t\t<\/div>\n\t\t\t\t<\/div>\n\t\t\t\t\t\t<\/div>\n\t\t\t\t<\/div>\n\t\t\t\t\t<\/div>\n\t\t<\/div>\n\t\t\t\t\t<\/div>\n\t\t<\/section>\n\t\t\t\t<\/div>\n\t\t","protected":false},"excerpt":{"rendered":"<p>Sizi b\u00f6lgenin gizli m\u00fccevherlerine g\u00f6t\u00fcrecek bir teknede g\u00fcnlerinizin tad\u0131n\u0131 \u00e7\u0131karmak, muhtemelen en iyi yaz tatilini deneyimlemek i\u00e7in ideal bir yoldur. Burada olduk\u00e7a fazla se\u00e7enek var. Gelmeden bile Flegra Ekibimize dan\u0131\u015f\u0131n! Ammouliani Island Cruise The GLASSBOTTOM vessel starts its cruise at the port of Ouranoupoli and heads out to the Ammouliani islets, also known as Drenia [&hellip;]<\/p>\n","protected":false},"author":2,"featured_media":0,"parent":6103,"menu_order":0,"comment_status":"closed","ping_status":"closed","template":"","meta":{"_acf_changed":false,"footnotes":""},"class_list":["post-6097","page","type-page","status-publish","hentry"],"acf":[],"yoast_head":"<!-- This site is optimized with the Yoast SEO plugin v27.5 - https:\/\/yoast.com\/product\/yoast-seo-wordpress\/ -->\n<title>E\u011flence ve G\u00fcne\u015f Turlar\u0131 - Flegra Collection Hotels<\/title>\n<meta name=\"robots\" content=\"index, follow, max-snippet:-1, max-image-preview:large, max-video-preview:-1\" \/>\n<link rel=\"canonical\" href=\"https:\/\/www.flegracollection.com\/tr\/bilinmesi-iyi\/eglence-ve-gunes-turlari\/\" \/>\n<meta property=\"og:locale\" content=\"tr_TR\" \/>\n<meta property=\"og:type\" content=\"article\" \/>\n<meta property=\"og:title\" content=\"E\u011flence ve G\u00fcne\u015f Turlar\u0131 - Flegra Collection Hotels\" \/>\n<meta property=\"og:description\" content=\"Sizi b\u00f6lgenin gizli m\u00fccevherlerine g\u00f6t\u00fcrecek bir teknede g\u00fcnlerinizin tad\u0131n\u0131 \u00e7\u0131karmak, muhtemelen en iyi yaz tatilini deneyimlemek i\u00e7in ideal bir yoldur. Burada olduk\u00e7a fazla se\u00e7enek var. Gelmeden bile Flegra Ekibimize dan\u0131\u015f\u0131n! Ammouliani Island Cruise The GLASSBOTTOM vessel starts its cruise at the port of Ouranoupoli and heads out to the Ammouliani islets, also known as Drenia [&hellip;]\" \/>\n<meta property=\"og:url\" content=\"https:\/\/www.flegracollection.com\/tr\/bilinmesi-iyi\/eglence-ve-gunes-turlari\/\" \/>\n<meta property=\"og:site_name\" content=\"Flegra Collection Hotels\" \/>\n<meta property=\"article:modified_time\" content=\"2020-03-28T21:13:29+00:00\" \/>\n<meta property=\"og:image\" content=\"https:\/\/www.flegracollection.com\/wp-content\/uploads\/2019\/08\/Ammouliani-Island-Cruise-halkidiki-1024x1024.jpg\" \/>\n<meta name=\"twitter:card\" content=\"summary_large_image\" \/>\n<meta name=\"twitter:label1\" content=\"Tahmini okuma s\u00fcresi\" \/>\n\t<meta name=\"twitter:data1\" content=\"1 dakika\" \/>\n<script type=\"application\/ld+json\" class=\"yoast-schema-graph\">{\"@context\":\"https:\\\/\\\/schema.org\",\"@graph\":[{\"@type\":\"WebPage\",\"@id\":\"https:\\\/\\\/www.flegracollection.com\\\/tr\\\/bilinmesi-iyi\\\/eglence-ve-gunes-turlari\\\/\",\"url\":\"https:\\\/\\\/www.flegracollection.com\\\/tr\\\/bilinmesi-iyi\\\/eglence-ve-gunes-turlari\\\/\",\"name\":\"E\u011flence ve G\u00fcne\u015f Turlar\u0131 - Flegra Collection Hotels\",\"isPartOf\":{\"@id\":\"https:\\\/\\\/www.flegracollection.com\\\/#website\"},\"primaryImageOfPage\":{\"@id\":\"https:\\\/\\\/www.flegracollection.com\\\/tr\\\/bilinmesi-iyi\\\/eglence-ve-gunes-turlari\\\/#primaryimage\"},\"image\":{\"@id\":\"https:\\\/\\\/www.flegracollection.com\\\/tr\\\/bilinmesi-iyi\\\/eglence-ve-gunes-turlari\\\/#primaryimage\"},\"thumbnailUrl\":\"https:\\\/\\\/www.flegracollection.com\\\/wp-content\\\/uploads\\\/2019\\\/08\\\/Ammouliani-Island-Cruise-halkidiki-1024x1024.jpg\",\"datePublished\":\"2020-02-28T20:36:41+00:00\",\"dateModified\":\"2020-03-28T21:13:29+00:00\",\"breadcrumb\":{\"@id\":\"https:\\\/\\\/www.flegracollection.com\\\/tr\\\/bilinmesi-iyi\\\/eglence-ve-gunes-turlari\\\/#breadcrumb\"},\"inLanguage\":\"tr\",\"potentialAction\":[{\"@type\":\"ReadAction\",\"target\":[\"https:\\\/\\\/www.flegracollection.com\\\/tr\\\/bilinmesi-iyi\\\/eglence-ve-gunes-turlari\\\/\"]}]},{\"@type\":\"ImageObject\",\"inLanguage\":\"tr\",\"@id\":\"https:\\\/\\\/www.flegracollection.com\\\/tr\\\/bilinmesi-iyi\\\/eglence-ve-gunes-turlari\\\/#primaryimage\",\"url\":\"https:\\\/\\\/www.flegracollection.com\\\/wp-content\\\/uploads\\\/2019\\\/08\\\/Ammouliani-Island-Cruise-halkidiki-1024x1024.jpg\",\"contentUrl\":\"https:\\\/\\\/www.flegracollection.com\\\/wp-content\\\/uploads\\\/2019\\\/08\\\/Ammouliani-Island-Cruise-halkidiki-1024x1024.jpg\"},{\"@type\":\"BreadcrumbList\",\"@id\":\"https:\\\/\\\/www.flegracollection.com\\\/tr\\\/bilinmesi-iyi\\\/eglence-ve-gunes-turlari\\\/#breadcrumb\",\"itemListElement\":[{\"@type\":\"ListItem\",\"position\":1,\"name\":\"Home\",\"item\":\"https:\\\/\\\/www.flegracollection.com\\\/\"},{\"@type\":\"ListItem\",\"position\":2,\"name\":\"Bilinmesi iyi\",\"item\":\"https:\\\/\\\/www.flegracollection.com\\\/tr\\\/bilinmesi-iyi\\\/\"},{\"@type\":\"ListItem\",\"position\":3,\"name\":\"E\u011flence ve G\u00fcne\u015f Turlar\u0131\"}]},{\"@type\":\"WebSite\",\"@id\":\"https:\\\/\\\/www.flegracollection.com\\\/#website\",\"url\":\"https:\\\/\\\/www.flegracollection.com\\\/\",\"name\":\"Flegra Collection Hotels\",\"description\":\"35 Years of Hospitality Hotels in Halkidiki\",\"potentialAction\":[{\"@type\":\"SearchAction\",\"target\":{\"@type\":\"EntryPoint\",\"urlTemplate\":\"https:\\\/\\\/www.flegracollection.com\\\/?s={search_term_string}\"},\"query-input\":{\"@type\":\"PropertyValueSpecification\",\"valueRequired\":true,\"valueName\":\"search_term_string\"}}],\"inLanguage\":\"tr\"}]}<\/script>\n<!-- \/ Yoast SEO plugin. -->","yoast_head_json":{"title":"E\u011flence ve G\u00fcne\u015f Turlar\u0131 - Flegra Collection Hotels","robots":{"index":"index","follow":"follow","max-snippet":"max-snippet:-1","max-image-preview":"max-image-preview:large","max-video-preview":"max-video-preview:-1"},"canonical":"https:\/\/www.flegracollection.com\/tr\/bilinmesi-iyi\/eglence-ve-gunes-turlari\/","og_locale":"tr_TR","og_type":"article","og_title":"E\u011flence ve G\u00fcne\u015f Turlar\u0131 - Flegra Collection Hotels","og_description":"Sizi b\u00f6lgenin gizli m\u00fccevherlerine g\u00f6t\u00fcrecek bir teknede g\u00fcnlerinizin tad\u0131n\u0131 \u00e7\u0131karmak, muhtemelen en iyi yaz tatilini deneyimlemek i\u00e7in ideal bir yoldur. Burada olduk\u00e7a fazla se\u00e7enek var. Gelmeden bile Flegra Ekibimize dan\u0131\u015f\u0131n! Ammouliani Island Cruise The GLASSBOTTOM vessel starts its cruise at the port of Ouranoupoli and heads out to the Ammouliani islets, also known as Drenia [&hellip;]","og_url":"https:\/\/www.flegracollection.com\/tr\/bilinmesi-iyi\/eglence-ve-gunes-turlari\/","og_site_name":"Flegra Collection Hotels","article_modified_time":"2020-03-28T21:13:29+00:00","og_image":[{"url":"https:\/\/www.flegracollection.com\/wp-content\/uploads\/2019\/08\/Ammouliani-Island-Cruise-halkidiki-1024x1024.jpg","type":"","width":"","height":""}],"twitter_card":"summary_large_image","twitter_misc":{"Tahmini okuma s\u00fcresi":"1 dakika"},"schema":{"@context":"https:\/\/schema.org","@graph":[{"@type":"WebPage","@id":"https:\/\/www.flegracollection.com\/tr\/bilinmesi-iyi\/eglence-ve-gunes-turlari\/","url":"https:\/\/www.flegracollection.com\/tr\/bilinmesi-iyi\/eglence-ve-gunes-turlari\/","name":"E\u011flence ve G\u00fcne\u015f Turlar\u0131 - Flegra Collection Hotels","isPartOf":{"@id":"https:\/\/www.flegracollection.com\/#website"},"primaryImageOfPage":{"@id":"https:\/\/www.flegracollection.com\/tr\/bilinmesi-iyi\/eglence-ve-gunes-turlari\/#primaryimage"},"image":{"@id":"https:\/\/www.flegracollection.com\/tr\/bilinmesi-iyi\/eglence-ve-gunes-turlari\/#primaryimage"},"thumbnailUrl":"https:\/\/www.flegracollection.com\/wp-content\/uploads\/2019\/08\/Ammouliani-Island-Cruise-halkidiki-1024x1024.jpg","datePublished":"2020-02-28T20:36:41+00:00","dateModified":"2020-03-28T21:13:29+00:00","breadcrumb":{"@id":"https:\/\/www.flegracollection.com\/tr\/bilinmesi-iyi\/eglence-ve-gunes-turlari\/#breadcrumb"},"inLanguage":"tr","potentialAction":[{"@type":"ReadAction","target":["https:\/\/www.flegracollection.com\/tr\/bilinmesi-iyi\/eglence-ve-gunes-turlari\/"]}]},{"@type":"ImageObject","inLanguage":"tr","@id":"https:\/\/www.flegracollection.com\/tr\/bilinmesi-iyi\/eglence-ve-gunes-turlari\/#primaryimage","url":"https:\/\/www.flegracollection.com\/wp-content\/uploads\/2019\/08\/Ammouliani-Island-Cruise-halkidiki-1024x1024.jpg","contentUrl":"https:\/\/www.flegracollection.com\/wp-content\/uploads\/2019\/08\/Ammouliani-Island-Cruise-halkidiki-1024x1024.jpg"},{"@type":"BreadcrumbList","@id":"https:\/\/www.flegracollection.com\/tr\/bilinmesi-iyi\/eglence-ve-gunes-turlari\/#breadcrumb","itemListElement":[{"@type":"ListItem","position":1,"name":"Home","item":"https:\/\/www.flegracollection.com\/"},{"@type":"ListItem","position":2,"name":"Bilinmesi iyi","item":"https:\/\/www.flegracollection.com\/tr\/bilinmesi-iyi\/"},{"@type":"ListItem","position":3,"name":"E\u011flence ve G\u00fcne\u015f Turlar\u0131"}]},{"@type":"WebSite","@id":"https:\/\/www.flegracollection.com\/#website","url":"https:\/\/www.flegracollection.com\/","name":"Flegra Collection Hotels","description":"35 Years of Hospitality Hotels in Halkidiki","potentialAction":[{"@type":"SearchAction","target":{"@type":"EntryPoint","urlTemplate":"https:\/\/www.flegracollection.com\/?s={search_term_string}"},"query-input":{"@type":"PropertyValueSpecification","valueRequired":true,"valueName":"search_term_string"}}],"inLanguage":"tr"}]}},"_links":{"self":[{"href":"https:\/\/www.flegracollection.com\/tr\/wp-json\/wp\/v2\/pages\/6097","targetHints":{"allow":["GET"]}}],"collection":[{"href":"https:\/\/www.flegracollection.com\/tr\/wp-json\/wp\/v2\/pages"}],"about":[{"href":"https:\/\/www.flegracollection.com\/tr\/wp-json\/wp\/v2\/types\/page"}],"author":[{"embeddable":true,"href":"https:\/\/www.flegracollection.com\/tr\/wp-json\/wp\/v2\/users\/2"}],"replies":[{"embeddable":true,"href":"https:\/\/www.flegracollection.com\/tr\/wp-json\/wp\/v2\/comments?post=6097"}],"version-history":[{"count":0,"href":"https:\/\/www.flegracollection.com\/tr\/wp-json\/wp\/v2\/pages\/6097\/revisions"}],"up":[{"embeddable":true,"href":"https:\/\/www.flegracollection.com\/tr\/wp-json\/wp\/v2\/pages\/6103"}],"wp:attachment":[{"href":"https:\/\/www.flegracollection.com\/tr\/wp-json\/wp\/v2\/media?parent=6097"}],"curies":[{"name":"wp","href":"https:\/\/api.w.org\/{rel}","templated":true}]}}