{"id":8623,"date":"2020-02-29T22:23:25","date_gmt":"2020-02-29T22:23:25","guid":{"rendered":"https:\/\/www.flegracollection.com\/buono-a-sapersi\/divertimento-e-crociere-al-sole-di-calcidica\/"},"modified":"2020-03-28T21:11:13","modified_gmt":"2020-03-28T21:11:13","slug":"divertimento-e-crociere-al-sole-di-calcidica","status":"publish","type":"page","link":"https:\/\/www.flegracollection.com\/it\/buono-a-sapersi\/divertimento-e-crociere-al-sole-di-calcidica\/","title":{"rendered":"Divertimento e crociere al sole di Calcidica"},"content":{"rendered":"\t\t<div data-elementor-type=\"wp-page\" data-elementor-id=\"8623\" class=\"elementor elementor-8623 elementor-1459\">\n\t\t\t\t\t\t<section class=\"elementor-section elementor-top-section elementor-element elementor-element-a07461f elementor-section-boxed elementor-section-height-default elementor-section-height-default\" data-id=\"a07461f\" data-element_type=\"section\" data-e-type=\"section\" data-settings=\"{&quot;jet_parallax_layout_list&quot;:[{&quot;jet_parallax_layout_image&quot;:{&quot;url&quot;:&quot;&quot;,&quot;id&quot;:&quot;&quot;,&quot;size&quot;:&quot;&quot;},&quot;_id&quot;:&quot;f91c91e&quot;,&quot;jet_parallax_layout_image_tablet&quot;:{&quot;url&quot;:&quot;&quot;,&quot;id&quot;:&quot;&quot;,&quot;size&quot;:&quot;&quot;},&quot;jet_parallax_layout_image_mobile&quot;:{&quot;url&quot;:&quot;&quot;,&quot;id&quot;:&quot;&quot;,&quot;size&quot;:&quot;&quot;},&quot;jet_parallax_layout_speed&quot;:{&quot;unit&quot;:&quot;%&quot;,&quot;size&quot;:50,&quot;sizes&quot;:[]},&quot;jet_parallax_layout_type&quot;:&quot;scroll&quot;,&quot;jet_parallax_layout_direction&quot;:&quot;1&quot;,&quot;jet_parallax_layout_fx_direction&quot;:null,&quot;jet_parallax_layout_z_index&quot;:&quot;&quot;,&quot;jet_parallax_layout_bg_x&quot;:50,&quot;jet_parallax_layout_bg_y&quot;:50,&quot;jet_parallax_layout_bg_size&quot;:&quot;auto&quot;,&quot;jet_parallax_layout_animation_prop&quot;:&quot;transform&quot;,&quot;jet_parallax_layout_on&quot;:[&quot;desktop&quot;,&quot;tablet&quot;],&quot;jet_parallax_layout_bg_x_tablet&quot;:&quot;&quot;,&quot;jet_parallax_layout_bg_x_mobile&quot;:&quot;&quot;,&quot;jet_parallax_layout_bg_y_tablet&quot;:&quot;&quot;,&quot;jet_parallax_layout_bg_y_mobile&quot;:&quot;&quot;,&quot;jet_parallax_layout_bg_size_tablet&quot;:&quot;&quot;,&quot;jet_parallax_layout_bg_size_mobile&quot;:&quot;&quot;}]}\">\n\t\t\t\t\t\t<div class=\"elementor-container elementor-column-gap-default\">\n\t\t\t\t\t<div class=\"elementor-column elementor-col-100 elementor-top-column elementor-element elementor-element-a969f56\" data-id=\"a969f56\" data-element_type=\"column\" data-e-type=\"column\">\n\t\t\t<div class=\"elementor-widget-wrap elementor-element-populated\">\n\t\t\t\t\t\t<div class=\"elementor-element elementor-element-0a45bea elementor-widget elementor-widget-text-editor\" data-id=\"0a45bea\" data-element_type=\"widget\" data-e-type=\"widget\" data-widget_type=\"text-editor.default\">\n\t\t\t\t<div class=\"elementor-widget-container\">\n\t\t\t\t\t\t\t\t\t<p>Assaporare le tue giornate su una barca che ti porter\u00e0 alle gemme nascoste della zona \u00e8 probabilmente il modo ideale per vivere le vacanze estive estreme. Ci sono alcune opzioni qui. Consiglia il nostro team Flegra, anche prima del tuo arrivo!<\/p>\n\t\t\t\t\t\t\t\t<\/div>\n\t\t\t\t<\/div>\n\t\t\t\t\t<\/div>\n\t\t<\/div>\n\t\t\t\t\t<\/div>\n\t\t<\/section>\n\t\t\t\t<section class=\"elementor-section elementor-top-section elementor-element elementor-element-a878cd0 elementor-section-boxed elementor-section-height-default elementor-section-height-default\" data-id=\"a878cd0\" data-element_type=\"section\" data-e-type=\"section\" data-settings=\"{&quot;jet_parallax_layout_list&quot;:[{&quot;jet_parallax_layout_image&quot;:{&quot;url&quot;:&quot;&quot;,&quot;id&quot;:&quot;&quot;,&quot;size&quot;:&quot;&quot;},&quot;_id&quot;:&quot;1080a1a&quot;,&quot;jet_parallax_layout_image_tablet&quot;:{&quot;url&quot;:&quot;&quot;,&quot;id&quot;:&quot;&quot;,&quot;size&quot;:&quot;&quot;},&quot;jet_parallax_layout_image_mobile&quot;:{&quot;url&quot;:&quot;&quot;,&quot;id&quot;:&quot;&quot;,&quot;size&quot;:&quot;&quot;},&quot;jet_parallax_layout_speed&quot;:{&quot;unit&quot;:&quot;%&quot;,&quot;size&quot;:50,&quot;sizes&quot;:[]},&quot;jet_parallax_layout_type&quot;:&quot;scroll&quot;,&quot;jet_parallax_layout_direction&quot;:&quot;1&quot;,&quot;jet_parallax_layout_fx_direction&quot;:null,&quot;jet_parallax_layout_z_index&quot;:&quot;&quot;,&quot;jet_parallax_layout_bg_x&quot;:50,&quot;jet_parallax_layout_bg_y&quot;:50,&quot;jet_parallax_layout_bg_size&quot;:&quot;auto&quot;,&quot;jet_parallax_layout_animation_prop&quot;:&quot;transform&quot;,&quot;jet_parallax_layout_on&quot;:[&quot;desktop&quot;,&quot;tablet&quot;],&quot;jet_parallax_layout_bg_x_tablet&quot;:&quot;&quot;,&quot;jet_parallax_layout_bg_x_mobile&quot;:&quot;&quot;,&quot;jet_parallax_layout_bg_y_tablet&quot;:&quot;&quot;,&quot;jet_parallax_layout_bg_y_mobile&quot;:&quot;&quot;,&quot;jet_parallax_layout_bg_size_tablet&quot;:&quot;&quot;,&quot;jet_parallax_layout_bg_size_mobile&quot;:&quot;&quot;}]}\">\n\t\t\t\t\t\t<div class=\"elementor-container elementor-column-gap-default\">\n\t\t\t\t\t<div class=\"elementor-column elementor-col-100 elementor-top-column elementor-element elementor-element-6af7553\" data-id=\"6af7553\" data-element_type=\"column\" data-e-type=\"column\">\n\t\t\t<div class=\"elementor-widget-wrap elementor-element-populated\">\n\t\t\t\t\t\t<div class=\"elementor-element elementor-element-f623afd elementor-widget elementor-widget-raven-posts\" data-id=\"f623afd\" data-element_type=\"widget\" data-e-type=\"widget\" data-settings=\"{&quot;classic_columns&quot;:&quot;2&quot;,&quot;query_posts_per_page&quot;:12,&quot;_skin&quot;:&quot;classic&quot;,&quot;classic_layout&quot;:&quot;grid&quot;,&quot;classic_columns_tablet&quot;:&quot;2&quot;,&quot;classic_columns_mobile&quot;:&quot;1&quot;,&quot;query_offset&quot;:0}\" data-widget_type=\"raven-posts.classic\">\n\t\t\t\t<div class=\"elementor-widget-container\">\n\t\t\t\t\t\t\t<div class=\"raven-posts raven-grid raven-grid-2 raven-grid-mobile-1 raven-grid-tablet-2\" data-post-id=\"8623\" data-archive-query=\"\" data-lang=\"\">\n\t\t\t\t<div class=\"raven-grid-item raven-post-item post-6778 post type-post status-publish format-standard has-post-thumbnail hentry category-fun-sun-cruises-it\">\n\t\t\t<div class=\"raven-post elementor-animation-shrink\">\n\t\t\t\t\t\t<div class=\"raven-post-image-wrap\">\n\t\t\t<a class=\"raven-post-image raven-image-fit\" href=\"https:\/\/www.flegracollection.com\/it\/crociera-toroneos-con-fondo-di-vetro\/\"><img fetchpriority=\"high\" decoding=\"async\" width=\"1024\" height=\"1024\" src=\"https:\/\/www.flegracollection.com\/wp-content\/uploads\/2019\/08\/cruises-in-halkidiki-fun-and-sun-1024x1024.jpg\" class=\"attachment-large size-large wp-image-6797\" alt=\"\" srcset=\"https:\/\/www.flegracollection.com\/wp-content\/uploads\/2019\/08\/cruises-in-halkidiki-fun-and-sun-1024x1024.jpg 1024w, https:\/\/www.flegracollection.com\/wp-content\/uploads\/2019\/08\/cruises-in-halkidiki-fun-and-sun-300x300.jpg 300w, https:\/\/www.flegracollection.com\/wp-content\/uploads\/2019\/08\/cruises-in-halkidiki-fun-and-sun-1536x1536.jpg 1536w, https:\/\/www.flegracollection.com\/wp-content\/uploads\/2019\/08\/cruises-in-halkidiki-fun-and-sun-2048x2048.jpg 2048w, https:\/\/www.flegracollection.com\/wp-content\/uploads\/2019\/08\/cruises-in-halkidiki-fun-and-sun-500x500.jpg 500w\" sizes=\"(max-width: 1024px) 100vw, 1024px\" \/> <span class=\"raven-post-image-overlay\"><\/span><\/a>\t\t<\/div>\n\t\t\t\t\t\t<div class=\"raven-post-content\">\n\t\t\t\t\t<h3 class=\"raven-post-title\"><a class=\"raven-post-title-link\" href=\"https:\/\/www.flegracollection.com\/it\/crociera-toroneos-con-fondo-di-vetro\/\">Crociera Toroneos con fondo di vetro<\/a><\/h3><div class=\"raven-post-excerpt\">Partendo da Chrousso e navigando verso la penisola media per Toroni, la barca rimarr\u00e0 vicino alla spiaggia. \u00c8 possibile fare snorkeling e nuotare nelle acque cristalline del Mar Egeo. Divertiti<\/div>\t\t<div class=\"raven-post-read-more\">\n\t\t\t<a class=\"raven-post-button\" href=\"https:\/\/www.flegracollection.com\/it\/crociera-toroneos-con-fondo-di-vetro\/\"><span class=\"raven-post-button-text\">Vedi pi\u00f9<\/span><\/a>\n\t\t<\/div>\n\t\t\t\t\t\t<\/div>\n\t\t\t<\/div>\n\t\t<\/div>\n\t\t\t\t<div class=\"raven-grid-item raven-post-item post-6799 post type-post status-publish format-standard has-post-thumbnail hentry category-fun-sun-cruises-it\">\n\t\t\t<div class=\"raven-post elementor-animation-shrink\">\n\t\t\t\t\t\t<div class=\"raven-post-image-wrap\">\n\t\t\t<a class=\"raven-post-image raven-image-fit\" href=\"https:\/\/www.flegracollection.com\/it\/navigazione-giornaliera-in-calcidica\/\"><img decoding=\"async\" width=\"1024\" height=\"1024\" src=\"https:\/\/www.flegracollection.com\/wp-content\/uploads\/2019\/08\/Day-Sailing-in-halkidiki-1024x1024.jpg\" class=\"attachment-large size-large wp-image-6819\" alt=\"\" srcset=\"https:\/\/www.flegracollection.com\/wp-content\/uploads\/2019\/08\/Day-Sailing-in-halkidiki-1024x1024.jpg 1024w, https:\/\/www.flegracollection.com\/wp-content\/uploads\/2019\/08\/Day-Sailing-in-halkidiki-300x300.jpg 300w, https:\/\/www.flegracollection.com\/wp-content\/uploads\/2019\/08\/Day-Sailing-in-halkidiki-1536x1536.jpg 1536w, https:\/\/www.flegracollection.com\/wp-content\/uploads\/2019\/08\/Day-Sailing-in-halkidiki-2048x2048.jpg 2048w, https:\/\/www.flegracollection.com\/wp-content\/uploads\/2019\/08\/Day-Sailing-in-halkidiki-500x500.jpg 500w\" sizes=\"(max-width: 1024px) 100vw, 1024px\" \/> <span class=\"raven-post-image-overlay\"><\/span><\/a>\t\t<\/div>\n\t\t\t\t\t\t<div class=\"raven-post-content\">\n\t\t\t\t\t<h3 class=\"raven-post-title\"><a class=\"raven-post-title-link\" href=\"https:\/\/www.flegracollection.com\/it\/navigazione-giornaliera-in-calcidica\/\">Navigazione giornaliera in Calcidica<\/a><\/h3><div class=\"raven-post-excerpt\">Goditi Calcidica in un modo nuovo. Scopri con un gruppo di 12 persone su uno yacht a vela privato le bellissime baie e spiagge di Kassandra. Il mare con le<\/div>\t\t<div class=\"raven-post-read-more\">\n\t\t\t<a class=\"raven-post-button\" href=\"https:\/\/www.flegracollection.com\/it\/navigazione-giornaliera-in-calcidica\/\"><span class=\"raven-post-button-text\">Vedi pi\u00f9<\/span><\/a>\n\t\t<\/div>\n\t\t\t\t\t\t<\/div>\n\t\t\t<\/div>\n\t\t<\/div>\n\t\t\t\t<div class=\"raven-grid-item raven-post-item post-6821 post type-post status-publish format-standard has-post-thumbnail hentry category-fun-sun-cruises-it\">\n\t\t\t<div class=\"raven-post elementor-animation-shrink\">\n\t\t\t\t\t\t<div class=\"raven-post-image-wrap\">\n\t\t\t<a class=\"raven-post-image raven-image-fit\" href=\"https:\/\/www.flegracollection.com\/it\/athos-crociera\/\"><img decoding=\"async\" width=\"1024\" height=\"1024\" src=\"https:\/\/www.flegracollection.com\/wp-content\/uploads\/2019\/08\/Athos-Cruise-halkidiki-1024x1024.jpg\" class=\"attachment-large size-large wp-image-6843\" alt=\"\" srcset=\"https:\/\/www.flegracollection.com\/wp-content\/uploads\/2019\/08\/Athos-Cruise-halkidiki-1024x1024.jpg 1024w, https:\/\/www.flegracollection.com\/wp-content\/uploads\/2019\/08\/Athos-Cruise-halkidiki-300x300.jpg 300w, https:\/\/www.flegracollection.com\/wp-content\/uploads\/2019\/08\/Athos-Cruise-halkidiki-1536x1536.jpg 1536w, https:\/\/www.flegracollection.com\/wp-content\/uploads\/2019\/08\/Athos-Cruise-halkidiki-2048x2048.jpg 2048w, https:\/\/www.flegracollection.com\/wp-content\/uploads\/2019\/08\/Athos-Cruise-halkidiki-500x500.jpg 500w\" sizes=\"(max-width: 1024px) 100vw, 1024px\" \/> <span class=\"raven-post-image-overlay\"><\/span><\/a>\t\t<\/div>\n\t\t\t\t\t\t<div class=\"raven-post-content\">\n\t\t\t\t\t<h3 class=\"raven-post-title\"><a class=\"raven-post-title-link\" href=\"https:\/\/www.flegracollection.com\/it\/athos-crociera\/\">Athos Crociera<\/a><\/h3><div class=\"raven-post-excerpt\">A volte indicato come Mt. Athos (il &#8220;Sacro Monte&#8221;), il nome del monte 2033m vicino all&#8217;estremit\u00e0 meridionale della penisola, ha avuto lo stato di uno stato autonomo per oltre 1.000<\/div>\t\t<div class=\"raven-post-read-more\">\n\t\t\t<a class=\"raven-post-button\" href=\"https:\/\/www.flegracollection.com\/it\/athos-crociera\/\"><span class=\"raven-post-button-text\">Vedi pi\u00f9<\/span><\/a>\n\t\t<\/div>\n\t\t\t\t\t\t<\/div>\n\t\t\t<\/div>\n\t\t<\/div>\n\t\t\t\t<div class=\"raven-grid-item raven-post-item post-6845 post type-post status-publish format-standard has-post-thumbnail hentry category-fun-sun-cruises-it\">\n\t\t\t<div class=\"raven-post elementor-animation-shrink\">\n\t\t\t\t\t\t<div class=\"raven-post-image-wrap\">\n\t\t\t<a class=\"raven-post-image raven-image-fit\" href=\"https:\/\/www.flegracollection.com\/it\/sithonia-cruise\/\"><img loading=\"lazy\" decoding=\"async\" width=\"1024\" height=\"1024\" src=\"https:\/\/www.flegracollection.com\/wp-content\/uploads\/2019\/08\/sithonia-cruise-in-chalkidiki-1024x1024.jpg\" class=\"attachment-large size-large wp-image-6868\" alt=\"\" srcset=\"https:\/\/www.flegracollection.com\/wp-content\/uploads\/2019\/08\/sithonia-cruise-in-chalkidiki-1024x1024.jpg 1024w, https:\/\/www.flegracollection.com\/wp-content\/uploads\/2019\/08\/sithonia-cruise-in-chalkidiki-300x300.jpg 300w, https:\/\/www.flegracollection.com\/wp-content\/uploads\/2019\/08\/sithonia-cruise-in-chalkidiki-1536x1536.jpg 1536w, https:\/\/www.flegracollection.com\/wp-content\/uploads\/2019\/08\/sithonia-cruise-in-chalkidiki-2048x2048.jpg 2048w, https:\/\/www.flegracollection.com\/wp-content\/uploads\/2019\/08\/sithonia-cruise-in-chalkidiki-500x500.jpg 500w\" sizes=\"(max-width: 1024px) 100vw, 1024px\" \/> <span class=\"raven-post-image-overlay\"><\/span><\/a>\t\t<\/div>\n\t\t\t\t\t\t<div class=\"raven-post-content\">\n\t\t\t\t\t<h3 class=\"raven-post-title\"><a class=\"raven-post-title-link\" href=\"https:\/\/www.flegracollection.com\/it\/sithonia-cruise\/\">Sithonia Cruise<\/a><\/h3><div class=\"raven-post-excerpt\">Lasciati trasportare da un viaggio nell&#8217;adorabile penisola di Sithonia, un luogo sulla terra ancora dominato dalla serenit\u00e0 e dalla pace. Sithonia \u00e8 molto pi\u00f9 di un piacere per gli occhi.<\/div>\t\t<div class=\"raven-post-read-more\">\n\t\t\t<a class=\"raven-post-button\" href=\"https:\/\/www.flegracollection.com\/it\/sithonia-cruise\/\"><span class=\"raven-post-button-text\">Vedi pi\u00f9<\/span><\/a>\n\t\t<\/div>\n\t\t\t\t\t\t<\/div>\n\t\t\t<\/div>\n\t\t<\/div>\n\t\t\t\t<\/div>\n\t\t\t\t\t\t<\/div>\n\t\t\t\t<\/div>\n\t\t\t\t\t<\/div>\n\t\t<\/div>\n\t\t\t\t\t<\/div>\n\t\t<\/section>\n\t\t\t\t<\/div>\n\t\t","protected":false},"excerpt":{"rendered":"<p>Assaporare le tue giornate su una barca che ti porter\u00e0 alle gemme nascoste della zona \u00e8 probabilmente il modo ideale per vivere le vacanze estive estreme. Ci sono alcune opzioni qui. Consiglia il nostro team Flegra, anche prima del tuo arrivo! Ammouliani Island Cruise The GLASSBOTTOM vessel starts its cruise at the port of Ouranoupoli [&hellip;]<\/p>\n","protected":false},"author":2,"featured_media":0,"parent":8618,"menu_order":0,"comment_status":"closed","ping_status":"closed","template":"","meta":{"_acf_changed":false,"footnotes":""},"class_list":["post-8623","page","type-page","status-publish","hentry"],"acf":[],"yoast_head":"<!-- This site is optimized with the Yoast SEO plugin v27.4 - https:\/\/yoast.com\/product\/yoast-seo-wordpress\/ -->\n<title>Divertimento e crociere al sole di Calcidica - Flegra Collection Hotels<\/title>\n<meta name=\"robots\" content=\"index, follow, max-snippet:-1, max-image-preview:large, max-video-preview:-1\" \/>\n<link rel=\"canonical\" href=\"https:\/\/www.flegracollection.com\/it\/buono-a-sapersi\/divertimento-e-crociere-al-sole-di-calcidica\/\" \/>\n<meta property=\"og:locale\" content=\"it_IT\" \/>\n<meta property=\"og:type\" content=\"article\" \/>\n<meta property=\"og:title\" content=\"Divertimento e crociere al sole di Calcidica - Flegra Collection Hotels\" \/>\n<meta property=\"og:description\" content=\"Assaporare le tue giornate su una barca che ti porter\u00e0 alle gemme nascoste della zona \u00e8 probabilmente il modo ideale per vivere le vacanze estive estreme. Ci sono alcune opzioni qui. Consiglia il nostro team Flegra, anche prima del tuo arrivo! Ammouliani Island Cruise The GLASSBOTTOM vessel starts its cruise at the port of Ouranoupoli [&hellip;]\" \/>\n<meta property=\"og:url\" content=\"https:\/\/www.flegracollection.com\/it\/buono-a-sapersi\/divertimento-e-crociere-al-sole-di-calcidica\/\" \/>\n<meta property=\"og:site_name\" content=\"Flegra Collection Hotels\" \/>\n<meta property=\"article:modified_time\" content=\"2020-03-28T21:11:13+00:00\" \/>\n<meta property=\"og:image\" content=\"https:\/\/www.flegracollection.com\/wp-content\/uploads\/2019\/08\/Ammouliani-Island-Cruise-halkidiki-1024x1024.jpg\" \/>\n<meta name=\"twitter:card\" content=\"summary_large_image\" \/>\n<meta name=\"twitter:label1\" content=\"Tempo di lettura stimato\" \/>\n\t<meta name=\"twitter:data1\" content=\"1 minuto\" \/>\n<script type=\"application\/ld+json\" class=\"yoast-schema-graph\">{\"@context\":\"https:\\\/\\\/schema.org\",\"@graph\":[{\"@type\":\"WebPage\",\"@id\":\"https:\\\/\\\/www.flegracollection.com\\\/it\\\/buono-a-sapersi\\\/divertimento-e-crociere-al-sole-di-calcidica\\\/\",\"url\":\"https:\\\/\\\/www.flegracollection.com\\\/it\\\/buono-a-sapersi\\\/divertimento-e-crociere-al-sole-di-calcidica\\\/\",\"name\":\"Divertimento e crociere al sole di Calcidica - Flegra Collection Hotels\",\"isPartOf\":{\"@id\":\"https:\\\/\\\/www.flegracollection.com\\\/#website\"},\"primaryImageOfPage\":{\"@id\":\"https:\\\/\\\/www.flegracollection.com\\\/it\\\/buono-a-sapersi\\\/divertimento-e-crociere-al-sole-di-calcidica\\\/#primaryimage\"},\"image\":{\"@id\":\"https:\\\/\\\/www.flegracollection.com\\\/it\\\/buono-a-sapersi\\\/divertimento-e-crociere-al-sole-di-calcidica\\\/#primaryimage\"},\"thumbnailUrl\":\"https:\\\/\\\/www.flegracollection.com\\\/wp-content\\\/uploads\\\/2019\\\/08\\\/Ammouliani-Island-Cruise-halkidiki-1024x1024.jpg\",\"datePublished\":\"2020-02-29T22:23:25+00:00\",\"dateModified\":\"2020-03-28T21:11:13+00:00\",\"breadcrumb\":{\"@id\":\"https:\\\/\\\/www.flegracollection.com\\\/it\\\/buono-a-sapersi\\\/divertimento-e-crociere-al-sole-di-calcidica\\\/#breadcrumb\"},\"inLanguage\":\"it-IT\",\"potentialAction\":[{\"@type\":\"ReadAction\",\"target\":[\"https:\\\/\\\/www.flegracollection.com\\\/it\\\/buono-a-sapersi\\\/divertimento-e-crociere-al-sole-di-calcidica\\\/\"]}]},{\"@type\":\"ImageObject\",\"inLanguage\":\"it-IT\",\"@id\":\"https:\\\/\\\/www.flegracollection.com\\\/it\\\/buono-a-sapersi\\\/divertimento-e-crociere-al-sole-di-calcidica\\\/#primaryimage\",\"url\":\"https:\\\/\\\/www.flegracollection.com\\\/wp-content\\\/uploads\\\/2019\\\/08\\\/Ammouliani-Island-Cruise-halkidiki-1024x1024.jpg\",\"contentUrl\":\"https:\\\/\\\/www.flegracollection.com\\\/wp-content\\\/uploads\\\/2019\\\/08\\\/Ammouliani-Island-Cruise-halkidiki-1024x1024.jpg\"},{\"@type\":\"BreadcrumbList\",\"@id\":\"https:\\\/\\\/www.flegracollection.com\\\/it\\\/buono-a-sapersi\\\/divertimento-e-crociere-al-sole-di-calcidica\\\/#breadcrumb\",\"itemListElement\":[{\"@type\":\"ListItem\",\"position\":1,\"name\":\"Home\",\"item\":\"https:\\\/\\\/www.flegracollection.com\\\/\"},{\"@type\":\"ListItem\",\"position\":2,\"name\":\"Buono a sapersi\",\"item\":\"https:\\\/\\\/www.flegracollection.com\\\/it\\\/buono-a-sapersi\\\/\"},{\"@type\":\"ListItem\",\"position\":3,\"name\":\"Divertimento e crociere al sole di Calcidica\"}]},{\"@type\":\"WebSite\",\"@id\":\"https:\\\/\\\/www.flegracollection.com\\\/#website\",\"url\":\"https:\\\/\\\/www.flegracollection.com\\\/\",\"name\":\"Flegra Collection Hotels\",\"description\":\"35 Years of Hospitality Hotels in Halkidiki\",\"potentialAction\":[{\"@type\":\"SearchAction\",\"target\":{\"@type\":\"EntryPoint\",\"urlTemplate\":\"https:\\\/\\\/www.flegracollection.com\\\/?s={search_term_string}\"},\"query-input\":{\"@type\":\"PropertyValueSpecification\",\"valueRequired\":true,\"valueName\":\"search_term_string\"}}],\"inLanguage\":\"it-IT\"}]}<\/script>\n<!-- \/ Yoast SEO plugin. -->","yoast_head_json":{"title":"Divertimento e crociere al sole di Calcidica - Flegra Collection Hotels","robots":{"index":"index","follow":"follow","max-snippet":"max-snippet:-1","max-image-preview":"max-image-preview:large","max-video-preview":"max-video-preview:-1"},"canonical":"https:\/\/www.flegracollection.com\/it\/buono-a-sapersi\/divertimento-e-crociere-al-sole-di-calcidica\/","og_locale":"it_IT","og_type":"article","og_title":"Divertimento e crociere al sole di Calcidica - Flegra Collection Hotels","og_description":"Assaporare le tue giornate su una barca che ti porter\u00e0 alle gemme nascoste della zona \u00e8 probabilmente il modo ideale per vivere le vacanze estive estreme. Ci sono alcune opzioni qui. Consiglia il nostro team Flegra, anche prima del tuo arrivo! Ammouliani Island Cruise The GLASSBOTTOM vessel starts its cruise at the port of Ouranoupoli [&hellip;]","og_url":"https:\/\/www.flegracollection.com\/it\/buono-a-sapersi\/divertimento-e-crociere-al-sole-di-calcidica\/","og_site_name":"Flegra Collection Hotels","article_modified_time":"2020-03-28T21:11:13+00:00","og_image":[{"url":"https:\/\/www.flegracollection.com\/wp-content\/uploads\/2019\/08\/Ammouliani-Island-Cruise-halkidiki-1024x1024.jpg","type":"","width":"","height":""}],"twitter_card":"summary_large_image","twitter_misc":{"Tempo di lettura stimato":"1 minuto"},"schema":{"@context":"https:\/\/schema.org","@graph":[{"@type":"WebPage","@id":"https:\/\/www.flegracollection.com\/it\/buono-a-sapersi\/divertimento-e-crociere-al-sole-di-calcidica\/","url":"https:\/\/www.flegracollection.com\/it\/buono-a-sapersi\/divertimento-e-crociere-al-sole-di-calcidica\/","name":"Divertimento e crociere al sole di Calcidica - Flegra Collection Hotels","isPartOf":{"@id":"https:\/\/www.flegracollection.com\/#website"},"primaryImageOfPage":{"@id":"https:\/\/www.flegracollection.com\/it\/buono-a-sapersi\/divertimento-e-crociere-al-sole-di-calcidica\/#primaryimage"},"image":{"@id":"https:\/\/www.flegracollection.com\/it\/buono-a-sapersi\/divertimento-e-crociere-al-sole-di-calcidica\/#primaryimage"},"thumbnailUrl":"https:\/\/www.flegracollection.com\/wp-content\/uploads\/2019\/08\/Ammouliani-Island-Cruise-halkidiki-1024x1024.jpg","datePublished":"2020-02-29T22:23:25+00:00","dateModified":"2020-03-28T21:11:13+00:00","breadcrumb":{"@id":"https:\/\/www.flegracollection.com\/it\/buono-a-sapersi\/divertimento-e-crociere-al-sole-di-calcidica\/#breadcrumb"},"inLanguage":"it-IT","potentialAction":[{"@type":"ReadAction","target":["https:\/\/www.flegracollection.com\/it\/buono-a-sapersi\/divertimento-e-crociere-al-sole-di-calcidica\/"]}]},{"@type":"ImageObject","inLanguage":"it-IT","@id":"https:\/\/www.flegracollection.com\/it\/buono-a-sapersi\/divertimento-e-crociere-al-sole-di-calcidica\/#primaryimage","url":"https:\/\/www.flegracollection.com\/wp-content\/uploads\/2019\/08\/Ammouliani-Island-Cruise-halkidiki-1024x1024.jpg","contentUrl":"https:\/\/www.flegracollection.com\/wp-content\/uploads\/2019\/08\/Ammouliani-Island-Cruise-halkidiki-1024x1024.jpg"},{"@type":"BreadcrumbList","@id":"https:\/\/www.flegracollection.com\/it\/buono-a-sapersi\/divertimento-e-crociere-al-sole-di-calcidica\/#breadcrumb","itemListElement":[{"@type":"ListItem","position":1,"name":"Home","item":"https:\/\/www.flegracollection.com\/"},{"@type":"ListItem","position":2,"name":"Buono a sapersi","item":"https:\/\/www.flegracollection.com\/it\/buono-a-sapersi\/"},{"@type":"ListItem","position":3,"name":"Divertimento e crociere al sole di Calcidica"}]},{"@type":"WebSite","@id":"https:\/\/www.flegracollection.com\/#website","url":"https:\/\/www.flegracollection.com\/","name":"Flegra Collection Hotels","description":"35 Years of Hospitality Hotels in Halkidiki","potentialAction":[{"@type":"SearchAction","target":{"@type":"EntryPoint","urlTemplate":"https:\/\/www.flegracollection.com\/?s={search_term_string}"},"query-input":{"@type":"PropertyValueSpecification","valueRequired":true,"valueName":"search_term_string"}}],"inLanguage":"it-IT"}]}},"_links":{"self":[{"href":"https:\/\/www.flegracollection.com\/it\/wp-json\/wp\/v2\/pages\/8623","targetHints":{"allow":["GET"]}}],"collection":[{"href":"https:\/\/www.flegracollection.com\/it\/wp-json\/wp\/v2\/pages"}],"about":[{"href":"https:\/\/www.flegracollection.com\/it\/wp-json\/wp\/v2\/types\/page"}],"author":[{"embeddable":true,"href":"https:\/\/www.flegracollection.com\/it\/wp-json\/wp\/v2\/users\/2"}],"replies":[{"embeddable":true,"href":"https:\/\/www.flegracollection.com\/it\/wp-json\/wp\/v2\/comments?post=8623"}],"version-history":[{"count":0,"href":"https:\/\/www.flegracollection.com\/it\/wp-json\/wp\/v2\/pages\/8623\/revisions"}],"up":[{"embeddable":true,"href":"https:\/\/www.flegracollection.com\/it\/wp-json\/wp\/v2\/pages\/8618"}],"wp:attachment":[{"href":"https:\/\/www.flegracollection.com\/it\/wp-json\/wp\/v2\/media?parent=8623"}],"curies":[{"name":"wp","href":"https:\/\/api.w.org\/{rel}","templated":true}]}}