{"id":8725,"date":"2020-02-29T22:41:08","date_gmt":"2020-02-29T22:41:08","guid":{"rendered":"https:\/\/www.flegracollection.com\/wissenswertes\/kreuzfahrten-auf-chalkidiki\/"},"modified":"2020-03-28T21:09:30","modified_gmt":"2020-03-28T21:09:30","slug":"kreuzfahrten-auf-chalkidiki","status":"publish","type":"page","link":"https:\/\/www.flegracollection.com\/de\/wissenswertes\/kreuzfahrten-auf-chalkidiki\/","title":{"rendered":"Kreuzfahrten auf Chalkidiki"},"content":{"rendered":"\t\t<div data-elementor-type=\"wp-page\" data-elementor-id=\"8725\" class=\"elementor elementor-8725 elementor-1459\">\n\t\t\t\t\t\t<section class=\"elementor-section elementor-top-section elementor-element elementor-element-a07461f elementor-section-boxed elementor-section-height-default elementor-section-height-default\" data-id=\"a07461f\" data-element_type=\"section\" data-e-type=\"section\" data-settings=\"{&quot;jet_parallax_layout_list&quot;:[{&quot;jet_parallax_layout_image&quot;:{&quot;url&quot;:&quot;&quot;,&quot;id&quot;:&quot;&quot;,&quot;size&quot;:&quot;&quot;},&quot;_id&quot;:&quot;f91c91e&quot;,&quot;jet_parallax_layout_image_tablet&quot;:{&quot;url&quot;:&quot;&quot;,&quot;id&quot;:&quot;&quot;,&quot;size&quot;:&quot;&quot;},&quot;jet_parallax_layout_image_mobile&quot;:{&quot;url&quot;:&quot;&quot;,&quot;id&quot;:&quot;&quot;,&quot;size&quot;:&quot;&quot;},&quot;jet_parallax_layout_speed&quot;:{&quot;unit&quot;:&quot;%&quot;,&quot;size&quot;:50,&quot;sizes&quot;:[]},&quot;jet_parallax_layout_type&quot;:&quot;scroll&quot;,&quot;jet_parallax_layout_direction&quot;:&quot;1&quot;,&quot;jet_parallax_layout_fx_direction&quot;:null,&quot;jet_parallax_layout_z_index&quot;:&quot;&quot;,&quot;jet_parallax_layout_bg_x&quot;:50,&quot;jet_parallax_layout_bg_y&quot;:50,&quot;jet_parallax_layout_bg_size&quot;:&quot;auto&quot;,&quot;jet_parallax_layout_animation_prop&quot;:&quot;transform&quot;,&quot;jet_parallax_layout_on&quot;:[&quot;desktop&quot;,&quot;tablet&quot;],&quot;jet_parallax_layout_bg_x_tablet&quot;:&quot;&quot;,&quot;jet_parallax_layout_bg_x_mobile&quot;:&quot;&quot;,&quot;jet_parallax_layout_bg_y_tablet&quot;:&quot;&quot;,&quot;jet_parallax_layout_bg_y_mobile&quot;:&quot;&quot;,&quot;jet_parallax_layout_bg_size_tablet&quot;:&quot;&quot;,&quot;jet_parallax_layout_bg_size_mobile&quot;:&quot;&quot;}]}\">\n\t\t\t\t\t\t<div class=\"elementor-container elementor-column-gap-default\">\n\t\t\t\t\t<div class=\"elementor-column elementor-col-100 elementor-top-column elementor-element elementor-element-a969f56\" data-id=\"a969f56\" data-element_type=\"column\" data-e-type=\"column\">\n\t\t\t<div class=\"elementor-widget-wrap elementor-element-populated\">\n\t\t\t\t\t\t<div class=\"elementor-element elementor-element-0a45bea elementor-widget elementor-widget-text-editor\" data-id=\"0a45bea\" data-element_type=\"widget\" data-e-type=\"widget\" data-widget_type=\"text-editor.default\">\n\t\t\t\t<div class=\"elementor-widget-container\">\n\t\t\t\t\t\t\t\t\t<p>Genie\u00dfen Sie Ihre Tage auf einem Schiff, das Sie zu den verborgenen Sch\u00e4tzen der Region bringt. Dies ist wahrscheinlich der ideale Weg, um die ultimativen Sommerferien zu erleben. Hier gibt es einige Optionen. Lassen Sie sich noch vor Ihrer Ankunft von unserem Flegra Team beraten!<\/p>\n\t\t\t\t\t\t\t\t<\/div>\n\t\t\t\t<\/div>\n\t\t\t\t\t<\/div>\n\t\t<\/div>\n\t\t\t\t\t<\/div>\n\t\t<\/section>\n\t\t\t\t<section class=\"elementor-section elementor-top-section elementor-element elementor-element-a878cd0 elementor-section-boxed elementor-section-height-default elementor-section-height-default\" data-id=\"a878cd0\" data-element_type=\"section\" data-e-type=\"section\" data-settings=\"{&quot;jet_parallax_layout_list&quot;:[{&quot;jet_parallax_layout_image&quot;:{&quot;url&quot;:&quot;&quot;,&quot;id&quot;:&quot;&quot;,&quot;size&quot;:&quot;&quot;},&quot;_id&quot;:&quot;1080a1a&quot;,&quot;jet_parallax_layout_image_tablet&quot;:{&quot;url&quot;:&quot;&quot;,&quot;id&quot;:&quot;&quot;,&quot;size&quot;:&quot;&quot;},&quot;jet_parallax_layout_image_mobile&quot;:{&quot;url&quot;:&quot;&quot;,&quot;id&quot;:&quot;&quot;,&quot;size&quot;:&quot;&quot;},&quot;jet_parallax_layout_speed&quot;:{&quot;unit&quot;:&quot;%&quot;,&quot;size&quot;:50,&quot;sizes&quot;:[]},&quot;jet_parallax_layout_type&quot;:&quot;scroll&quot;,&quot;jet_parallax_layout_direction&quot;:&quot;1&quot;,&quot;jet_parallax_layout_fx_direction&quot;:null,&quot;jet_parallax_layout_z_index&quot;:&quot;&quot;,&quot;jet_parallax_layout_bg_x&quot;:50,&quot;jet_parallax_layout_bg_y&quot;:50,&quot;jet_parallax_layout_bg_size&quot;:&quot;auto&quot;,&quot;jet_parallax_layout_animation_prop&quot;:&quot;transform&quot;,&quot;jet_parallax_layout_on&quot;:[&quot;desktop&quot;,&quot;tablet&quot;],&quot;jet_parallax_layout_bg_x_tablet&quot;:&quot;&quot;,&quot;jet_parallax_layout_bg_x_mobile&quot;:&quot;&quot;,&quot;jet_parallax_layout_bg_y_tablet&quot;:&quot;&quot;,&quot;jet_parallax_layout_bg_y_mobile&quot;:&quot;&quot;,&quot;jet_parallax_layout_bg_size_tablet&quot;:&quot;&quot;,&quot;jet_parallax_layout_bg_size_mobile&quot;:&quot;&quot;}]}\">\n\t\t\t\t\t\t<div class=\"elementor-container elementor-column-gap-default\">\n\t\t\t\t\t<div class=\"elementor-column elementor-col-100 elementor-top-column elementor-element elementor-element-6af7553\" data-id=\"6af7553\" data-element_type=\"column\" data-e-type=\"column\">\n\t\t\t<div class=\"elementor-widget-wrap elementor-element-populated\">\n\t\t\t\t\t\t<div class=\"elementor-element elementor-element-f623afd elementor-widget elementor-widget-raven-posts\" data-id=\"f623afd\" data-element_type=\"widget\" data-e-type=\"widget\" data-settings=\"{&quot;classic_columns&quot;:&quot;2&quot;,&quot;query_posts_per_page&quot;:12,&quot;_skin&quot;:&quot;classic&quot;,&quot;classic_layout&quot;:&quot;grid&quot;,&quot;classic_columns_tablet&quot;:&quot;2&quot;,&quot;classic_columns_mobile&quot;:&quot;1&quot;,&quot;query_offset&quot;:0}\" data-widget_type=\"raven-posts.classic\">\n\t\t\t\t<div class=\"elementor-widget-container\">\n\t\t\t\t\t\t\t<div class=\"raven-posts raven-grid raven-grid-2 raven-grid-mobile-1 raven-grid-tablet-2\" data-post-id=\"8725\" data-archive-query=\"\" data-lang=\"\">\n\t\t\t\t<div class=\"raven-grid-item raven-post-item post-7212 post type-post status-publish format-standard has-post-thumbnail hentry category-kreuzfahrten\">\n\t\t\t<div class=\"raven-post elementor-animation-shrink\">\n\t\t\t\t\t\t<div class=\"raven-post-image-wrap\">\n\t\t\t<a class=\"raven-post-image raven-image-fit\" href=\"https:\/\/www.flegracollection.com\/de\/glasboden-toroneos-kreuzfahrt\/\"><img fetchpriority=\"high\" decoding=\"async\" width=\"1024\" height=\"1024\" src=\"https:\/\/www.flegracollection.com\/wp-content\/uploads\/2019\/08\/cruises-in-halkidiki-fun-and-sun-1024x1024.jpg\" class=\"attachment-large size-large wp-image-7231\" alt=\"\" srcset=\"https:\/\/www.flegracollection.com\/wp-content\/uploads\/2019\/08\/cruises-in-halkidiki-fun-and-sun-1024x1024.jpg 1024w, https:\/\/www.flegracollection.com\/wp-content\/uploads\/2019\/08\/cruises-in-halkidiki-fun-and-sun-300x300.jpg 300w, https:\/\/www.flegracollection.com\/wp-content\/uploads\/2019\/08\/cruises-in-halkidiki-fun-and-sun-1536x1536.jpg 1536w, https:\/\/www.flegracollection.com\/wp-content\/uploads\/2019\/08\/cruises-in-halkidiki-fun-and-sun-2048x2048.jpg 2048w, https:\/\/www.flegracollection.com\/wp-content\/uploads\/2019\/08\/cruises-in-halkidiki-fun-and-sun-500x500.jpg 500w\" sizes=\"(max-width: 1024px) 100vw, 1024px\" \/> <span class=\"raven-post-image-overlay\"><\/span><\/a>\t\t<\/div>\n\t\t\t\t\t\t<div class=\"raven-post-content\">\n\t\t\t\t\t<h3 class=\"raven-post-title\"><a class=\"raven-post-title-link\" href=\"https:\/\/www.flegracollection.com\/de\/glasboden-toroneos-kreuzfahrt\/\">Glasboden Toroneos Kreuzfahrt<\/a><\/h3><div class=\"raven-post-excerpt\">Von Chrousso aus f\u00e4hrt dieses Schiff zur mittleren Halbinsel nach Toroni und bleibt in Strandn\u00e4he. Sie k\u00f6nnen im kristallklaren \u00e4g\u00e4ischen Wasser schnorcheln und schwimmen, am Strand spielen oder einfach Ihre<\/div>\t\t<div class=\"raven-post-read-more\">\n\t\t\t<a class=\"raven-post-button\" href=\"https:\/\/www.flegracollection.com\/de\/glasboden-toroneos-kreuzfahrt\/\"><span class=\"raven-post-button-text\">Mehr sehen<\/span><\/a>\n\t\t<\/div>\n\t\t\t\t\t\t<\/div>\n\t\t\t<\/div>\n\t\t<\/div>\n\t\t\t\t<div class=\"raven-grid-item raven-post-item post-7233 post type-post status-publish format-standard has-post-thumbnail hentry category-kreuzfahrten\">\n\t\t\t<div class=\"raven-post elementor-animation-shrink\">\n\t\t\t\t\t\t<div class=\"raven-post-image-wrap\">\n\t\t\t<a class=\"raven-post-image raven-image-fit\" href=\"https:\/\/www.flegracollection.com\/de\/tag-segeln\/\"><img decoding=\"async\" width=\"1024\" height=\"1024\" src=\"https:\/\/www.flegracollection.com\/wp-content\/uploads\/2019\/08\/Day-Sailing-in-halkidiki-1024x1024.jpg\" class=\"attachment-large size-large wp-image-7253\" alt=\"\" srcset=\"https:\/\/www.flegracollection.com\/wp-content\/uploads\/2019\/08\/Day-Sailing-in-halkidiki-1024x1024.jpg 1024w, https:\/\/www.flegracollection.com\/wp-content\/uploads\/2019\/08\/Day-Sailing-in-halkidiki-300x300.jpg 300w, https:\/\/www.flegracollection.com\/wp-content\/uploads\/2019\/08\/Day-Sailing-in-halkidiki-1536x1536.jpg 1536w, https:\/\/www.flegracollection.com\/wp-content\/uploads\/2019\/08\/Day-Sailing-in-halkidiki-2048x2048.jpg 2048w, https:\/\/www.flegracollection.com\/wp-content\/uploads\/2019\/08\/Day-Sailing-in-halkidiki-500x500.jpg 500w\" sizes=\"(max-width: 1024px) 100vw, 1024px\" \/> <span class=\"raven-post-image-overlay\"><\/span><\/a>\t\t<\/div>\n\t\t\t\t\t\t<div class=\"raven-post-content\">\n\t\t\t\t\t<h3 class=\"raven-post-title\"><a class=\"raven-post-title-link\" href=\"https:\/\/www.flegracollection.com\/de\/tag-segeln\/\">Tag Segeln<\/a><\/h3><div class=\"raven-post-excerpt\">Genie\u00dfe Chalkidiki auf eine neue Art und Weise. Entdecken Sie mit einer Gruppe von 12 Personen auf einer privaten Segelyacht die sch\u00f6nen Buchten und Str\u00e4nde von Kassandra. Das Meer mit<\/div>\t\t<div class=\"raven-post-read-more\">\n\t\t\t<a class=\"raven-post-button\" href=\"https:\/\/www.flegracollection.com\/de\/tag-segeln\/\"><span class=\"raven-post-button-text\">Mehr sehen<\/span><\/a>\n\t\t<\/div>\n\t\t\t\t\t\t<\/div>\n\t\t\t<\/div>\n\t\t<\/div>\n\t\t\t\t<div class=\"raven-grid-item raven-post-item post-7255 post type-post status-publish format-standard has-post-thumbnail hentry category-kreuzfahrten\">\n\t\t\t<div class=\"raven-post elementor-animation-shrink\">\n\t\t\t\t\t\t<div class=\"raven-post-image-wrap\">\n\t\t\t<a class=\"raven-post-image raven-image-fit\" href=\"https:\/\/www.flegracollection.com\/de\/athos-kreuzfahrt\/\"><img decoding=\"async\" width=\"1024\" height=\"1024\" src=\"https:\/\/www.flegracollection.com\/wp-content\/uploads\/2019\/08\/Athos-Cruise-halkidiki-1024x1024.jpg\" class=\"attachment-large size-large wp-image-7277\" alt=\"\" srcset=\"https:\/\/www.flegracollection.com\/wp-content\/uploads\/2019\/08\/Athos-Cruise-halkidiki-1024x1024.jpg 1024w, https:\/\/www.flegracollection.com\/wp-content\/uploads\/2019\/08\/Athos-Cruise-halkidiki-300x300.jpg 300w, https:\/\/www.flegracollection.com\/wp-content\/uploads\/2019\/08\/Athos-Cruise-halkidiki-1536x1536.jpg 1536w, https:\/\/www.flegracollection.com\/wp-content\/uploads\/2019\/08\/Athos-Cruise-halkidiki-2048x2048.jpg 2048w, https:\/\/www.flegracollection.com\/wp-content\/uploads\/2019\/08\/Athos-Cruise-halkidiki-500x500.jpg 500w\" sizes=\"(max-width: 1024px) 100vw, 1024px\" \/> <span class=\"raven-post-image-overlay\"><\/span><\/a>\t\t<\/div>\n\t\t\t\t\t\t<div class=\"raven-post-content\">\n\t\t\t\t\t<h3 class=\"raven-post-title\"><a class=\"raven-post-title-link\" href=\"https:\/\/www.flegracollection.com\/de\/athos-kreuzfahrt\/\">Athos-Kreuzfahrt<\/a><\/h3><div class=\"raven-post-excerpt\">Manchmal als Mt bezeichnet. Athos (der \u201eHeilige Berg\u201c), der Name des 2033 m hohen Berges nahe der S\u00fcdspitze der Halbinsel, hat seit \u00fcber 1.000 Jahren den Status eines autonomen Staates.<\/div>\t\t<div class=\"raven-post-read-more\">\n\t\t\t<a class=\"raven-post-button\" href=\"https:\/\/www.flegracollection.com\/de\/athos-kreuzfahrt\/\"><span class=\"raven-post-button-text\">Mehr sehen<\/span><\/a>\n\t\t<\/div>\n\t\t\t\t\t\t<\/div>\n\t\t\t<\/div>\n\t\t<\/div>\n\t\t\t\t<div class=\"raven-grid-item raven-post-item post-7279 post type-post status-publish format-standard has-post-thumbnail hentry category-kreuzfahrten\">\n\t\t\t<div class=\"raven-post elementor-animation-shrink\">\n\t\t\t\t\t\t<div class=\"raven-post-image-wrap\">\n\t\t\t<a class=\"raven-post-image raven-image-fit\" href=\"https:\/\/www.flegracollection.com\/de\/sithonia-cruise\/\"><img loading=\"lazy\" decoding=\"async\" width=\"1024\" height=\"1024\" src=\"https:\/\/www.flegracollection.com\/wp-content\/uploads\/2019\/08\/sithonia-cruise-in-chalkidiki-1024x1024.jpg\" class=\"attachment-large size-large wp-image-7302\" alt=\"\" srcset=\"https:\/\/www.flegracollection.com\/wp-content\/uploads\/2019\/08\/sithonia-cruise-in-chalkidiki-1024x1024.jpg 1024w, https:\/\/www.flegracollection.com\/wp-content\/uploads\/2019\/08\/sithonia-cruise-in-chalkidiki-300x300.jpg 300w, https:\/\/www.flegracollection.com\/wp-content\/uploads\/2019\/08\/sithonia-cruise-in-chalkidiki-1536x1536.jpg 1536w, https:\/\/www.flegracollection.com\/wp-content\/uploads\/2019\/08\/sithonia-cruise-in-chalkidiki-2048x2048.jpg 2048w, https:\/\/www.flegracollection.com\/wp-content\/uploads\/2019\/08\/sithonia-cruise-in-chalkidiki-500x500.jpg 500w\" sizes=\"(max-width: 1024px) 100vw, 1024px\" \/> <span class=\"raven-post-image-overlay\"><\/span><\/a>\t\t<\/div>\n\t\t\t\t\t\t<div class=\"raven-post-content\">\n\t\t\t\t\t<h3 class=\"raven-post-title\"><a class=\"raven-post-title-link\" href=\"https:\/\/www.flegracollection.com\/de\/sithonia-cruise\/\">Sithonia Cruise<\/a><\/h3><div class=\"raven-post-excerpt\">Lassen Sie sich von einer Reise um die bezaubernde Halbinsel Sithonia entf\u00fchren, einem Ort auf der Erde, der immer noch von Gelassenheit und Frieden gepr\u00e4gt ist. Sithonia ist mehr als<\/div>\t\t<div class=\"raven-post-read-more\">\n\t\t\t<a class=\"raven-post-button\" href=\"https:\/\/www.flegracollection.com\/de\/sithonia-cruise\/\"><span class=\"raven-post-button-text\">Mehr sehen<\/span><\/a>\n\t\t<\/div>\n\t\t\t\t\t\t<\/div>\n\t\t\t<\/div>\n\t\t<\/div>\n\t\t\t\t<\/div>\n\t\t\t\t\t\t<\/div>\n\t\t\t\t<\/div>\n\t\t\t\t\t<\/div>\n\t\t<\/div>\n\t\t\t\t\t<\/div>\n\t\t<\/section>\n\t\t\t\t<\/div>\n\t\t","protected":false},"excerpt":{"rendered":"<p>Genie\u00dfen Sie Ihre Tage auf einem Schiff, das Sie zu den verborgenen Sch\u00e4tzen der Region bringt. Dies ist wahrscheinlich der ideale Weg, um die ultimativen Sommerferien zu erleben. Hier gibt es einige Optionen. Lassen Sie sich noch vor Ihrer Ankunft von unserem Flegra Team beraten! Ammouliani Island Cruise The GLASSBOTTOM vessel starts its cruise at [&hellip;]<\/p>\n","protected":false},"author":2,"featured_media":0,"parent":8717,"menu_order":0,"comment_status":"closed","ping_status":"closed","template":"","meta":{"_acf_changed":false,"footnotes":""},"class_list":["post-8725","page","type-page","status-publish","hentry"],"acf":[],"yoast_head":"<!-- This site is optimized with the Yoast SEO plugin v27.4 - https:\/\/yoast.com\/product\/yoast-seo-wordpress\/ -->\n<title>Kreuzfahrten auf Chalkidiki - Flegra Collection Hotels<\/title>\n<meta name=\"robots\" content=\"index, follow, max-snippet:-1, max-image-preview:large, max-video-preview:-1\" \/>\n<link rel=\"canonical\" href=\"https:\/\/www.flegracollection.com\/de\/wissenswertes\/kreuzfahrten-auf-chalkidiki\/\" \/>\n<meta property=\"og:locale\" content=\"de_DE\" \/>\n<meta property=\"og:type\" content=\"article\" \/>\n<meta property=\"og:title\" content=\"Kreuzfahrten auf Chalkidiki - Flegra Collection Hotels\" \/>\n<meta property=\"og:description\" content=\"Genie\u00dfen Sie Ihre Tage auf einem Schiff, das Sie zu den verborgenen Sch\u00e4tzen der Region bringt. Dies ist wahrscheinlich der ideale Weg, um die ultimativen Sommerferien zu erleben. Hier gibt es einige Optionen. Lassen Sie sich noch vor Ihrer Ankunft von unserem Flegra Team beraten! Ammouliani Island Cruise The GLASSBOTTOM vessel starts its cruise at [&hellip;]\" \/>\n<meta property=\"og:url\" content=\"https:\/\/www.flegracollection.com\/de\/wissenswertes\/kreuzfahrten-auf-chalkidiki\/\" \/>\n<meta property=\"og:site_name\" content=\"Flegra Collection Hotels\" \/>\n<meta property=\"article:modified_time\" content=\"2020-03-28T21:09:30+00:00\" \/>\n<meta property=\"og:image\" content=\"https:\/\/www.flegracollection.com\/wp-content\/uploads\/2019\/08\/Ammouliani-Island-Cruise-halkidiki-1024x1024.jpg\" \/>\n<meta name=\"twitter:card\" content=\"summary_large_image\" \/>\n<meta name=\"twitter:label1\" content=\"Gesch\u00e4tzte Lesezeit\" \/>\n\t<meta name=\"twitter:data1\" content=\"1\u00a0Minute\" \/>\n<script type=\"application\/ld+json\" class=\"yoast-schema-graph\">{\"@context\":\"https:\\\/\\\/schema.org\",\"@graph\":[{\"@type\":\"WebPage\",\"@id\":\"https:\\\/\\\/www.flegracollection.com\\\/de\\\/wissenswertes\\\/kreuzfahrten-auf-chalkidiki\\\/\",\"url\":\"https:\\\/\\\/www.flegracollection.com\\\/de\\\/wissenswertes\\\/kreuzfahrten-auf-chalkidiki\\\/\",\"name\":\"Kreuzfahrten auf Chalkidiki - Flegra Collection Hotels\",\"isPartOf\":{\"@id\":\"https:\\\/\\\/www.flegracollection.com\\\/#website\"},\"primaryImageOfPage\":{\"@id\":\"https:\\\/\\\/www.flegracollection.com\\\/de\\\/wissenswertes\\\/kreuzfahrten-auf-chalkidiki\\\/#primaryimage\"},\"image\":{\"@id\":\"https:\\\/\\\/www.flegracollection.com\\\/de\\\/wissenswertes\\\/kreuzfahrten-auf-chalkidiki\\\/#primaryimage\"},\"thumbnailUrl\":\"https:\\\/\\\/www.flegracollection.com\\\/wp-content\\\/uploads\\\/2019\\\/08\\\/Ammouliani-Island-Cruise-halkidiki-1024x1024.jpg\",\"datePublished\":\"2020-02-29T22:41:08+00:00\",\"dateModified\":\"2020-03-28T21:09:30+00:00\",\"breadcrumb\":{\"@id\":\"https:\\\/\\\/www.flegracollection.com\\\/de\\\/wissenswertes\\\/kreuzfahrten-auf-chalkidiki\\\/#breadcrumb\"},\"inLanguage\":\"de\",\"potentialAction\":[{\"@type\":\"ReadAction\",\"target\":[\"https:\\\/\\\/www.flegracollection.com\\\/de\\\/wissenswertes\\\/kreuzfahrten-auf-chalkidiki\\\/\"]}]},{\"@type\":\"ImageObject\",\"inLanguage\":\"de\",\"@id\":\"https:\\\/\\\/www.flegracollection.com\\\/de\\\/wissenswertes\\\/kreuzfahrten-auf-chalkidiki\\\/#primaryimage\",\"url\":\"https:\\\/\\\/www.flegracollection.com\\\/wp-content\\\/uploads\\\/2019\\\/08\\\/Ammouliani-Island-Cruise-halkidiki-1024x1024.jpg\",\"contentUrl\":\"https:\\\/\\\/www.flegracollection.com\\\/wp-content\\\/uploads\\\/2019\\\/08\\\/Ammouliani-Island-Cruise-halkidiki-1024x1024.jpg\"},{\"@type\":\"BreadcrumbList\",\"@id\":\"https:\\\/\\\/www.flegracollection.com\\\/de\\\/wissenswertes\\\/kreuzfahrten-auf-chalkidiki\\\/#breadcrumb\",\"itemListElement\":[{\"@type\":\"ListItem\",\"position\":1,\"name\":\"Home\",\"item\":\"https:\\\/\\\/www.flegracollection.com\\\/\"},{\"@type\":\"ListItem\",\"position\":2,\"name\":\"Wissenswertes\",\"item\":\"https:\\\/\\\/www.flegracollection.com\\\/de\\\/wissenswertes\\\/\"},{\"@type\":\"ListItem\",\"position\":3,\"name\":\"Kreuzfahrten auf Chalkidiki\"}]},{\"@type\":\"WebSite\",\"@id\":\"https:\\\/\\\/www.flegracollection.com\\\/#website\",\"url\":\"https:\\\/\\\/www.flegracollection.com\\\/\",\"name\":\"Flegra Collection Hotels\",\"description\":\"35 Years of Hospitality Hotels in Halkidiki\",\"potentialAction\":[{\"@type\":\"SearchAction\",\"target\":{\"@type\":\"EntryPoint\",\"urlTemplate\":\"https:\\\/\\\/www.flegracollection.com\\\/?s={search_term_string}\"},\"query-input\":{\"@type\":\"PropertyValueSpecification\",\"valueRequired\":true,\"valueName\":\"search_term_string\"}}],\"inLanguage\":\"de\"}]}<\/script>\n<!-- \/ Yoast SEO plugin. -->","yoast_head_json":{"title":"Kreuzfahrten auf Chalkidiki - Flegra Collection Hotels","robots":{"index":"index","follow":"follow","max-snippet":"max-snippet:-1","max-image-preview":"max-image-preview:large","max-video-preview":"max-video-preview:-1"},"canonical":"https:\/\/www.flegracollection.com\/de\/wissenswertes\/kreuzfahrten-auf-chalkidiki\/","og_locale":"de_DE","og_type":"article","og_title":"Kreuzfahrten auf Chalkidiki - Flegra Collection Hotels","og_description":"Genie\u00dfen Sie Ihre Tage auf einem Schiff, das Sie zu den verborgenen Sch\u00e4tzen der Region bringt. Dies ist wahrscheinlich der ideale Weg, um die ultimativen Sommerferien zu erleben. Hier gibt es einige Optionen. Lassen Sie sich noch vor Ihrer Ankunft von unserem Flegra Team beraten! Ammouliani Island Cruise The GLASSBOTTOM vessel starts its cruise at [&hellip;]","og_url":"https:\/\/www.flegracollection.com\/de\/wissenswertes\/kreuzfahrten-auf-chalkidiki\/","og_site_name":"Flegra Collection Hotels","article_modified_time":"2020-03-28T21:09:30+00:00","og_image":[{"url":"https:\/\/www.flegracollection.com\/wp-content\/uploads\/2019\/08\/Ammouliani-Island-Cruise-halkidiki-1024x1024.jpg","type":"","width":"","height":""}],"twitter_card":"summary_large_image","twitter_misc":{"Gesch\u00e4tzte Lesezeit":"1\u00a0Minute"},"schema":{"@context":"https:\/\/schema.org","@graph":[{"@type":"WebPage","@id":"https:\/\/www.flegracollection.com\/de\/wissenswertes\/kreuzfahrten-auf-chalkidiki\/","url":"https:\/\/www.flegracollection.com\/de\/wissenswertes\/kreuzfahrten-auf-chalkidiki\/","name":"Kreuzfahrten auf Chalkidiki - Flegra Collection Hotels","isPartOf":{"@id":"https:\/\/www.flegracollection.com\/#website"},"primaryImageOfPage":{"@id":"https:\/\/www.flegracollection.com\/de\/wissenswertes\/kreuzfahrten-auf-chalkidiki\/#primaryimage"},"image":{"@id":"https:\/\/www.flegracollection.com\/de\/wissenswertes\/kreuzfahrten-auf-chalkidiki\/#primaryimage"},"thumbnailUrl":"https:\/\/www.flegracollection.com\/wp-content\/uploads\/2019\/08\/Ammouliani-Island-Cruise-halkidiki-1024x1024.jpg","datePublished":"2020-02-29T22:41:08+00:00","dateModified":"2020-03-28T21:09:30+00:00","breadcrumb":{"@id":"https:\/\/www.flegracollection.com\/de\/wissenswertes\/kreuzfahrten-auf-chalkidiki\/#breadcrumb"},"inLanguage":"de","potentialAction":[{"@type":"ReadAction","target":["https:\/\/www.flegracollection.com\/de\/wissenswertes\/kreuzfahrten-auf-chalkidiki\/"]}]},{"@type":"ImageObject","inLanguage":"de","@id":"https:\/\/www.flegracollection.com\/de\/wissenswertes\/kreuzfahrten-auf-chalkidiki\/#primaryimage","url":"https:\/\/www.flegracollection.com\/wp-content\/uploads\/2019\/08\/Ammouliani-Island-Cruise-halkidiki-1024x1024.jpg","contentUrl":"https:\/\/www.flegracollection.com\/wp-content\/uploads\/2019\/08\/Ammouliani-Island-Cruise-halkidiki-1024x1024.jpg"},{"@type":"BreadcrumbList","@id":"https:\/\/www.flegracollection.com\/de\/wissenswertes\/kreuzfahrten-auf-chalkidiki\/#breadcrumb","itemListElement":[{"@type":"ListItem","position":1,"name":"Home","item":"https:\/\/www.flegracollection.com\/"},{"@type":"ListItem","position":2,"name":"Wissenswertes","item":"https:\/\/www.flegracollection.com\/de\/wissenswertes\/"},{"@type":"ListItem","position":3,"name":"Kreuzfahrten auf Chalkidiki"}]},{"@type":"WebSite","@id":"https:\/\/www.flegracollection.com\/#website","url":"https:\/\/www.flegracollection.com\/","name":"Flegra Collection Hotels","description":"35 Years of Hospitality Hotels in Halkidiki","potentialAction":[{"@type":"SearchAction","target":{"@type":"EntryPoint","urlTemplate":"https:\/\/www.flegracollection.com\/?s={search_term_string}"},"query-input":{"@type":"PropertyValueSpecification","valueRequired":true,"valueName":"search_term_string"}}],"inLanguage":"de"}]}},"_links":{"self":[{"href":"https:\/\/www.flegracollection.com\/de\/wp-json\/wp\/v2\/pages\/8725","targetHints":{"allow":["GET"]}}],"collection":[{"href":"https:\/\/www.flegracollection.com\/de\/wp-json\/wp\/v2\/pages"}],"about":[{"href":"https:\/\/www.flegracollection.com\/de\/wp-json\/wp\/v2\/types\/page"}],"author":[{"embeddable":true,"href":"https:\/\/www.flegracollection.com\/de\/wp-json\/wp\/v2\/users\/2"}],"replies":[{"embeddable":true,"href":"https:\/\/www.flegracollection.com\/de\/wp-json\/wp\/v2\/comments?post=8725"}],"version-history":[{"count":0,"href":"https:\/\/www.flegracollection.com\/de\/wp-json\/wp\/v2\/pages\/8725\/revisions"}],"up":[{"embeddable":true,"href":"https:\/\/www.flegracollection.com\/de\/wp-json\/wp\/v2\/pages\/8717"}],"wp:attachment":[{"href":"https:\/\/www.flegracollection.com\/de\/wp-json\/wp\/v2\/media?parent=8725"}],"curies":[{"name":"wp","href":"https:\/\/api.w.org\/{rel}","templated":true}]}}