{"id":8717,"date":"2020-02-29T22:39:07","date_gmt":"2020-02-29T22:39:07","guid":{"rendered":"https:\/\/www.flegracollection.com\/wissenswertes\/"},"modified":"2020-03-28T08:22:21","modified_gmt":"2020-03-28T08:22:21","slug":"wissenswertes","status":"publish","type":"page","link":"https:\/\/www.flegracollection.com\/de\/wissenswertes\/","title":{"rendered":"Wissenswertes"},"content":{"rendered":"\t\t<div data-elementor-type=\"wp-page\" data-elementor-id=\"8717\" class=\"elementor elementor-8717 elementor-1445\">\n\t\t\t\t\t\t<section class=\"elementor-section elementor-top-section elementor-element elementor-element-a07461f elementor-section-boxed elementor-section-height-default elementor-section-height-default\" data-id=\"a07461f\" data-element_type=\"section\" data-e-type=\"section\" data-settings=\"{&quot;jet_parallax_layout_list&quot;:[{&quot;jet_parallax_layout_image&quot;:{&quot;url&quot;:&quot;&quot;,&quot;id&quot;:&quot;&quot;,&quot;size&quot;:&quot;&quot;},&quot;_id&quot;:&quot;f91c91e&quot;,&quot;jet_parallax_layout_image_tablet&quot;:{&quot;url&quot;:&quot;&quot;,&quot;id&quot;:&quot;&quot;,&quot;size&quot;:&quot;&quot;},&quot;jet_parallax_layout_image_mobile&quot;:{&quot;url&quot;:&quot;&quot;,&quot;id&quot;:&quot;&quot;,&quot;size&quot;:&quot;&quot;},&quot;jet_parallax_layout_speed&quot;:{&quot;unit&quot;:&quot;%&quot;,&quot;size&quot;:50,&quot;sizes&quot;:[]},&quot;jet_parallax_layout_type&quot;:&quot;scroll&quot;,&quot;jet_parallax_layout_direction&quot;:&quot;1&quot;,&quot;jet_parallax_layout_fx_direction&quot;:null,&quot;jet_parallax_layout_z_index&quot;:&quot;&quot;,&quot;jet_parallax_layout_bg_x&quot;:50,&quot;jet_parallax_layout_bg_y&quot;:50,&quot;jet_parallax_layout_bg_size&quot;:&quot;auto&quot;,&quot;jet_parallax_layout_animation_prop&quot;:&quot;transform&quot;,&quot;jet_parallax_layout_on&quot;:[&quot;desktop&quot;,&quot;tablet&quot;],&quot;jet_parallax_layout_bg_x_tablet&quot;:&quot;&quot;,&quot;jet_parallax_layout_bg_x_mobile&quot;:&quot;&quot;,&quot;jet_parallax_layout_bg_y_tablet&quot;:&quot;&quot;,&quot;jet_parallax_layout_bg_y_mobile&quot;:&quot;&quot;,&quot;jet_parallax_layout_bg_size_tablet&quot;:&quot;&quot;,&quot;jet_parallax_layout_bg_size_mobile&quot;:&quot;&quot;}]}\">\n\t\t\t\t\t\t<div class=\"elementor-container elementor-column-gap-default\">\n\t\t\t\t\t<div class=\"elementor-column elementor-col-100 elementor-top-column elementor-element elementor-element-a969f56\" data-id=\"a969f56\" data-element_type=\"column\" data-e-type=\"column\">\n\t\t\t<div class=\"elementor-widget-wrap elementor-element-populated\">\n\t\t\t\t\t\t<div class=\"elementor-element elementor-element-0a45bea elementor-widget elementor-widget-text-editor\" data-id=\"0a45bea\" data-element_type=\"widget\" data-e-type=\"widget\" data-widget_type=\"text-editor.default\">\n\t\t\t\t<div class=\"elementor-widget-container\">\n\t\t\t\t\t\t\t\t\t<p>Beim Besuch in Halkidiki wird man schnell merken, dass dieser Ort etwas ganz Besonderes ist. Neben paradiesischen Str\u00e4nden, Sonne und atemberaubenden Meerblicken gibt es noch viel mehr zu erkunden. Auf dem Programm stehen mitunter Aktivit\u00e4ten f\u00fcr Adrenalinliebhaber, Familienausfl\u00fcge wie Wanderrouten und Bootsfahrten sowie historische und kulturelle Highlights. Das Flegra Collection Team hat verschiedene Tipps parat \u2013 insbesondere f\u00fcr Kassandra, aber auch generell f\u00fcr Halkidiki. Wir stehen Ihnen auf jedem Schritt Ihrer Reise jederzeit zur Verf\u00fcgung.<\/p>\n\t\t\t\t\t\t\t\t<\/div>\n\t\t\t\t<\/div>\n\t\t\t\t\t<\/div>\n\t\t<\/div>\n\t\t\t\t\t<\/div>\n\t\t<\/section>\n\t\t\t\t<section class=\"elementor-section elementor-top-section elementor-element elementor-element-2f0340a elementor-section-boxed elementor-section-height-default elementor-section-height-default\" data-id=\"2f0340a\" data-element_type=\"section\" data-e-type=\"section\" data-settings=\"{&quot;jet_parallax_layout_list&quot;:[{&quot;jet_parallax_layout_image&quot;:{&quot;url&quot;:&quot;&quot;,&quot;id&quot;:&quot;&quot;,&quot;size&quot;:&quot;&quot;},&quot;_id&quot;:&quot;283300e&quot;,&quot;jet_parallax_layout_image_tablet&quot;:{&quot;url&quot;:&quot;&quot;,&quot;id&quot;:&quot;&quot;,&quot;size&quot;:&quot;&quot;},&quot;jet_parallax_layout_image_mobile&quot;:{&quot;url&quot;:&quot;&quot;,&quot;id&quot;:&quot;&quot;,&quot;size&quot;:&quot;&quot;},&quot;jet_parallax_layout_speed&quot;:{&quot;unit&quot;:&quot;%&quot;,&quot;size&quot;:50,&quot;sizes&quot;:[]},&quot;jet_parallax_layout_type&quot;:&quot;scroll&quot;,&quot;jet_parallax_layout_direction&quot;:&quot;1&quot;,&quot;jet_parallax_layout_fx_direction&quot;:null,&quot;jet_parallax_layout_z_index&quot;:&quot;&quot;,&quot;jet_parallax_layout_bg_x&quot;:50,&quot;jet_parallax_layout_bg_y&quot;:50,&quot;jet_parallax_layout_bg_size&quot;:&quot;auto&quot;,&quot;jet_parallax_layout_animation_prop&quot;:&quot;transform&quot;,&quot;jet_parallax_layout_on&quot;:[&quot;desktop&quot;,&quot;tablet&quot;],&quot;jet_parallax_layout_bg_x_tablet&quot;:&quot;&quot;,&quot;jet_parallax_layout_bg_x_mobile&quot;:&quot;&quot;,&quot;jet_parallax_layout_bg_y_tablet&quot;:&quot;&quot;,&quot;jet_parallax_layout_bg_y_mobile&quot;:&quot;&quot;,&quot;jet_parallax_layout_bg_size_tablet&quot;:&quot;&quot;,&quot;jet_parallax_layout_bg_size_mobile&quot;:&quot;&quot;}]}\">\n\t\t\t\t\t\t<div class=\"elementor-container elementor-column-gap-default\">\n\t\t\t\t\t<div class=\"elementor-column elementor-col-100 elementor-top-column elementor-element elementor-element-3139226\" data-id=\"3139226\" data-element_type=\"column\" data-e-type=\"column\">\n\t\t\t<div class=\"elementor-widget-wrap elementor-element-populated\">\n\t\t\t\t\t\t<div class=\"elementor-element elementor-element-7e9336c elementor-widget elementor-widget-raven-categories\" data-id=\"7e9336c\" data-element_type=\"widget\" data-e-type=\"widget\" data-settings=\"{&quot;outer_content_columns&quot;:&quot;2&quot;,&quot;_skin&quot;:&quot;outer_content&quot;,&quot;source&quot;:&quot;blog&quot;,&quot;outer_content_layout&quot;:&quot;grid&quot;,&quot;outer_content_columns_tablet&quot;:&quot;2&quot;,&quot;outer_content_columns_mobile&quot;:&quot;1&quot;}\" data-widget_type=\"raven-categories.outer_content\">\n\t\t\t\t<div class=\"elementor-widget-container\">\n\t\t\t\t\t\t\t<div class=\"raven-categories-grid raven-categories-skin-outer_content\">\n\t\t\t\t\t<article class=\"raven-categories-item elementor-animation-shrink post-8717 page type-page status-publish hentry\">\n\t\t\t\t\t<a href=\"https:\/\/www.flegracollection.com\/de\/category\/sehenswurdigkeiten-in-chalkidiki\/\" class=\"raven-categories-img\">\n\t\t\t<img fetchpriority=\"high\" decoding=\"async\" width=\"500\" height=\"500\" src=\"https:\/\/www.flegracollection.com\/wp-content\/uploads\/2019\/08\/points-of-interest-in-halkidiki-500x500.jpg\" class=\"attachment-Image Size 500x500 size-Image Size 500x500 wp-image-2280\" alt=\"\" \/>\t\t<\/a>\n\t\t\t\t\t<div class=\"raven-categories-content\">\n\t\t\t<div class=\"raven-categories-title-wrap\"><h3 class=\"raven-categories-title\"><a href=\"https:\/\/www.flegracollection.com\/de\/category\/sehenswurdigkeiten-in-chalkidiki\/\">Sehensw\u00fcrdigkeiten in Chalkidiki<\/a><\/h3><\/div><div class=\"raven-categories-view\"><a class=\"raven-categories-button\" href=\"https:\/\/www.flegracollection.com\/de\/category\/sehenswurdigkeiten-in-chalkidiki\/\">Mehr sehen<\/a><\/div>\t\t\t<\/div>\n\t\t<\/article>\n\t\t\t\t<article class=\"raven-categories-item elementor-animation-shrink post-8717 page type-page status-publish hentry\">\n\t\t\t\t\t<a href=\"https:\/\/www.flegracollection.com\/de\/category\/das-f-spa-in-pefkochori\/\" class=\"raven-categories-img\">\n\t\t\t<img decoding=\"async\" width=\"500\" height=\"500\" src=\"https:\/\/www.flegracollection.com\/wp-content\/uploads\/2020\/03\/FLEGRA-PALACE-THE-F-SPA-JACUZZI-2-500x500.jpg\" class=\"attachment-Image Size 500x500 size-Image Size 500x500 wp-image-9596\" alt=\"\" srcset=\"https:\/\/www.flegracollection.com\/wp-content\/uploads\/2020\/03\/FLEGRA-PALACE-THE-F-SPA-JACUZZI-2-500x500.jpg 500w, https:\/\/www.flegracollection.com\/wp-content\/uploads\/2020\/03\/FLEGRA-PALACE-THE-F-SPA-JACUZZI-2-300x300.jpg 300w, https:\/\/www.flegracollection.com\/wp-content\/uploads\/2020\/03\/FLEGRA-PALACE-THE-F-SPA-JACUZZI-2-1024x1024.jpg 1024w, https:\/\/www.flegracollection.com\/wp-content\/uploads\/2020\/03\/FLEGRA-PALACE-THE-F-SPA-JACUZZI-2-768x768.jpg 768w, https:\/\/www.flegracollection.com\/wp-content\/uploads\/2020\/03\/FLEGRA-PALACE-THE-F-SPA-JACUZZI-2.jpg 1258w\" sizes=\"(max-width: 500px) 100vw, 500px\" \/>\t\t<\/a>\n\t\t\t\t\t<div class=\"raven-categories-content\">\n\t\t\t<div class=\"raven-categories-title-wrap\"><h3 class=\"raven-categories-title\"><a href=\"https:\/\/www.flegracollection.com\/de\/category\/das-f-spa-in-pefkochori\/\">Das \u201eF Spa\u201c in Pefkochori<\/a><\/h3><\/div><div class=\"raven-categories-view\"><a class=\"raven-categories-button\" href=\"https:\/\/www.flegracollection.com\/de\/category\/das-f-spa-in-pefkochori\/\">Mehr sehen<\/a><\/div>\t\t\t<\/div>\n\t\t<\/article>\n\t\t\t\t<article class=\"raven-categories-item elementor-animation-shrink post-8717 page type-page status-publish hentry\">\n\t\t\t\t\t<a href=\"https:\/\/www.flegracollection.com\/de\/category\/dorfhupfen-in-kassandra\/\" class=\"raven-categories-img\">\n\t\t\t<img decoding=\"async\" width=\"500\" height=\"500\" src=\"https:\/\/www.flegracollection.com\/wp-content\/uploads\/2019\/08\/nea-fokea-tower-in-halkidiki-500x500.jpg\" class=\"attachment-Image Size 500x500 size-Image Size 500x500 wp-image-3682\" alt=\"\" \/>\t\t<\/a>\n\t\t\t\t\t<div class=\"raven-categories-content\">\n\t\t\t<div class=\"raven-categories-title-wrap\"><h3 class=\"raven-categories-title\"><a href=\"https:\/\/www.flegracollection.com\/de\/category\/dorfhupfen-in-kassandra\/\">Dorfh\u00fcpfen in Kassandra<\/a><\/h3><\/div><div class=\"raven-categories-view\"><a class=\"raven-categories-button\" href=\"https:\/\/www.flegracollection.com\/de\/category\/dorfhupfen-in-kassandra\/\">Mehr sehen<\/a><\/div>\t\t\t<\/div>\n\t\t<\/article>\n\t\t\t\t<article class=\"raven-categories-item elementor-animation-shrink post-8717 page type-page status-publish hentry\">\n\t\t\t\t\t<a href=\"https:\/\/www.flegracollection.com\/de\/category\/geschichte-kultur-von-chalkidiki\/\" class=\"raven-categories-img\">\n\t\t\t<img loading=\"lazy\" decoding=\"async\" width=\"500\" height=\"500\" src=\"https:\/\/www.flegracollection.com\/wp-content\/uploads\/2019\/08\/fisheries-museum-in-halkidiki-500x500.jpg\" class=\"attachment-Image Size 500x500 size-Image Size 500x500 wp-image-3532\" alt=\"\" \/>\t\t<\/a>\n\t\t\t\t\t<div class=\"raven-categories-content\">\n\t\t\t<div class=\"raven-categories-title-wrap\"><h3 class=\"raven-categories-title\"><a href=\"https:\/\/www.flegracollection.com\/de\/category\/geschichte-kultur-von-chalkidiki\/\">Geschichte &amp; Kultur von Chalkidiki<\/a><\/h3><\/div><div class=\"raven-categories-view\"><a class=\"raven-categories-button\" href=\"https:\/\/www.flegracollection.com\/de\/category\/geschichte-kultur-von-chalkidiki\/\">Mehr sehen<\/a><\/div>\t\t\t<\/div>\n\t\t<\/article>\n\t\t\t\t<article class=\"raven-categories-item elementor-animation-shrink post-8717 page type-page status-publish hentry\">\n\t\t\t\t\t<a href=\"https:\/\/www.flegracollection.com\/de\/category\/kreuzfahrten\/\" class=\"raven-categories-img\">\n\t\t\t<img loading=\"lazy\" decoding=\"async\" width=\"500\" height=\"500\" src=\"https:\/\/www.flegracollection.com\/wp-content\/uploads\/2019\/08\/cruises-in-halkidiki-fun-and-sun-1-1-1-1-500x500.jpg\" class=\"attachment-Image Size 500x500 size-Image Size 500x500 wp-image-4487\" alt=\"\" \/>\t\t<\/a>\n\t\t\t\t\t<div class=\"raven-categories-content\">\n\t\t\t<div class=\"raven-categories-title-wrap\"><h3 class=\"raven-categories-title\"><a href=\"https:\/\/www.flegracollection.com\/de\/category\/kreuzfahrten\/\">Kreuzfahrten<\/a><\/h3><\/div><div class=\"raven-categories-view\"><a class=\"raven-categories-button\" href=\"https:\/\/www.flegracollection.com\/de\/category\/kreuzfahrten\/\">Mehr sehen<\/a><\/div>\t\t\t<\/div>\n\t\t<\/article>\n\t\t\t\t<article class=\"raven-categories-item elementor-animation-shrink post-8717 page type-page status-publish hentry\">\n\t\t\t\t\t<a href=\"https:\/\/www.flegracollection.com\/de\/category\/strande-in-chalkidiki\/\" class=\"raven-categories-img\">\n\t\t\t<img loading=\"lazy\" decoding=\"async\" width=\"500\" height=\"500\" src=\"https:\/\/www.flegracollection.com\/wp-content\/uploads\/2019\/08\/Beaches-in-Halkidiki-Possidi-Cape-500x500.jpg\" class=\"attachment-Image Size 500x500 size-Image Size 500x500 wp-image-2200\" alt=\"\" \/>\t\t<\/a>\n\t\t\t\t\t<div class=\"raven-categories-content\">\n\t\t\t<div class=\"raven-categories-title-wrap\"><h3 class=\"raven-categories-title\"><a href=\"https:\/\/www.flegracollection.com\/de\/category\/strande-in-chalkidiki\/\">Str\u00e4nde in Chalkidiki<\/a><\/h3><\/div><div class=\"raven-categories-view\"><a class=\"raven-categories-button\" href=\"https:\/\/www.flegracollection.com\/de\/category\/strande-in-chalkidiki\/\">Mehr sehen<\/a><\/div>\t\t\t<\/div>\n\t\t<\/article>\n\t\t\t\t<article class=\"raven-categories-item elementor-animation-shrink post-8717 page type-page status-publish hentry\">\n\t\t\t\t\t<a href=\"https:\/\/www.flegracollection.com\/de\/category\/aktivitaten-in-chalkidiki\/\" class=\"raven-categories-img\">\n\t\t\t<img loading=\"lazy\" decoding=\"async\" width=\"500\" height=\"500\" src=\"https:\/\/www.flegracollection.com\/wp-content\/uploads\/2019\/08\/thermal-spa-halkidiki-panoramic-1-1-1-1-1-2-500x500.jpg\" class=\"attachment-Image Size 500x500 size-Image Size 500x500 wp-image-2176\" alt=\"\" \/>\t\t<\/a>\n\t\t\t\t\t<div class=\"raven-categories-content\">\n\t\t\t<div class=\"raven-categories-title-wrap\"><h3 class=\"raven-categories-title\"><a href=\"https:\/\/www.flegracollection.com\/de\/category\/aktivitaten-in-chalkidiki\/\">Aktivit\u00e4ten in Chalkidiki<\/a><\/h3><\/div><div class=\"raven-categories-view\"><a class=\"raven-categories-button\" href=\"https:\/\/www.flegracollection.com\/de\/category\/aktivitaten-in-chalkidiki\/\">Mehr sehen<\/a><\/div>\t\t\t<\/div>\n\t\t<\/article>\n\t\t\t\t<\/div>\n\t\t\t\t\t\t<\/div>\n\t\t\t\t<\/div>\n\t\t\t\t\t<\/div>\n\t\t<\/div>\n\t\t\t\t\t<\/div>\n\t\t<\/section>\n\t\t\t\t<\/div>\n\t\t","protected":false},"excerpt":{"rendered":"<p>Beim Besuch in Halkidiki wird man schnell merken, dass dieser Ort etwas ganz Besonderes ist. Neben paradiesischen Str\u00e4nden, Sonne und atemberaubenden Meerblicken gibt es noch viel mehr zu erkunden. Auf dem Programm stehen mitunter Aktivit\u00e4ten f\u00fcr Adrenalinliebhaber, Familienausfl\u00fcge wie Wanderrouten und Bootsfahrten sowie historische und kulturelle Highlights. Das Flegra Collection Team hat verschiedene Tipps parat [&hellip;]<\/p>\n","protected":false},"author":2,"featured_media":0,"parent":0,"menu_order":0,"comment_status":"closed","ping_status":"closed","template":"","meta":{"_acf_changed":false,"footnotes":""},"class_list":["post-8717","page","type-page","status-publish","hentry"],"acf":[],"yoast_head":"<!-- This site is optimized with the Yoast SEO plugin v27.3 - https:\/\/yoast.com\/product\/yoast-seo-wordpress\/ -->\n<title>Wissenswertes - Flegra Collection Hotels<\/title>\n<meta name=\"robots\" content=\"index, follow, max-snippet:-1, max-image-preview:large, max-video-preview:-1\" \/>\n<link rel=\"canonical\" href=\"https:\/\/www.flegracollection.com\/de\/wissenswertes\/\" \/>\n<meta property=\"og:locale\" content=\"de_DE\" \/>\n<meta property=\"og:type\" content=\"article\" \/>\n<meta property=\"og:title\" content=\"Wissenswertes - Flegra Collection Hotels\" \/>\n<meta property=\"og:description\" content=\"Beim Besuch in Halkidiki wird man schnell merken, dass dieser Ort etwas ganz Besonderes ist. Neben paradiesischen Str\u00e4nden, Sonne und atemberaubenden Meerblicken gibt es noch viel mehr zu erkunden. Auf dem Programm stehen mitunter Aktivit\u00e4ten f\u00fcr Adrenalinliebhaber, Familienausfl\u00fcge wie Wanderrouten und Bootsfahrten sowie historische und kulturelle Highlights. Das Flegra Collection Team hat verschiedene Tipps parat [&hellip;]\" \/>\n<meta property=\"og:url\" content=\"https:\/\/www.flegracollection.com\/de\/wissenswertes\/\" \/>\n<meta property=\"og:site_name\" content=\"Flegra Collection Hotels\" \/>\n<meta property=\"article:modified_time\" content=\"2020-03-28T08:22:21+00:00\" \/>\n<meta property=\"og:image\" content=\"https:\/\/www.flegracollection.com\/wp-content\/uploads\/2019\/08\/points-of-interest-in-halkidiki-500x500.jpg\" \/>\n<meta name=\"twitter:card\" content=\"summary_large_image\" \/>\n<meta name=\"twitter:label1\" content=\"Gesch\u00e4tzte Lesezeit\" \/>\n\t<meta name=\"twitter:data1\" content=\"1\u00a0Minute\" \/>\n<script type=\"application\/ld+json\" class=\"yoast-schema-graph\">{\"@context\":\"https:\\\/\\\/schema.org\",\"@graph\":[{\"@type\":\"WebPage\",\"@id\":\"https:\\\/\\\/www.flegracollection.com\\\/de\\\/wissenswertes\\\/\",\"url\":\"https:\\\/\\\/www.flegracollection.com\\\/de\\\/wissenswertes\\\/\",\"name\":\"Wissenswertes - Flegra Collection Hotels\",\"isPartOf\":{\"@id\":\"https:\\\/\\\/www.flegracollection.com\\\/#website\"},\"primaryImageOfPage\":{\"@id\":\"https:\\\/\\\/www.flegracollection.com\\\/de\\\/wissenswertes\\\/#primaryimage\"},\"image\":{\"@id\":\"https:\\\/\\\/www.flegracollection.com\\\/de\\\/wissenswertes\\\/#primaryimage\"},\"thumbnailUrl\":\"https:\\\/\\\/www.flegracollection.com\\\/wp-content\\\/uploads\\\/2019\\\/08\\\/points-of-interest-in-halkidiki-500x500.jpg\",\"datePublished\":\"2020-02-29T22:39:07+00:00\",\"dateModified\":\"2020-03-28T08:22:21+00:00\",\"breadcrumb\":{\"@id\":\"https:\\\/\\\/www.flegracollection.com\\\/de\\\/wissenswertes\\\/#breadcrumb\"},\"inLanguage\":\"de\",\"potentialAction\":[{\"@type\":\"ReadAction\",\"target\":[\"https:\\\/\\\/www.flegracollection.com\\\/de\\\/wissenswertes\\\/\"]}]},{\"@type\":\"ImageObject\",\"inLanguage\":\"de\",\"@id\":\"https:\\\/\\\/www.flegracollection.com\\\/de\\\/wissenswertes\\\/#primaryimage\",\"url\":\"https:\\\/\\\/www.flegracollection.com\\\/wp-content\\\/uploads\\\/2019\\\/08\\\/points-of-interest-in-halkidiki-500x500.jpg\",\"contentUrl\":\"https:\\\/\\\/www.flegracollection.com\\\/wp-content\\\/uploads\\\/2019\\\/08\\\/points-of-interest-in-halkidiki-500x500.jpg\"},{\"@type\":\"BreadcrumbList\",\"@id\":\"https:\\\/\\\/www.flegracollection.com\\\/de\\\/wissenswertes\\\/#breadcrumb\",\"itemListElement\":[{\"@type\":\"ListItem\",\"position\":1,\"name\":\"Home\",\"item\":\"https:\\\/\\\/www.flegracollection.com\\\/\"},{\"@type\":\"ListItem\",\"position\":2,\"name\":\"Wissenswertes\"}]},{\"@type\":\"WebSite\",\"@id\":\"https:\\\/\\\/www.flegracollection.com\\\/#website\",\"url\":\"https:\\\/\\\/www.flegracollection.com\\\/\",\"name\":\"Flegra Collection Hotels\",\"description\":\"35 Years of Hospitality Hotels in Halkidiki\",\"potentialAction\":[{\"@type\":\"SearchAction\",\"target\":{\"@type\":\"EntryPoint\",\"urlTemplate\":\"https:\\\/\\\/www.flegracollection.com\\\/?s={search_term_string}\"},\"query-input\":{\"@type\":\"PropertyValueSpecification\",\"valueRequired\":true,\"valueName\":\"search_term_string\"}}],\"inLanguage\":\"de\"}]}<\/script>\n<!-- \/ Yoast SEO plugin. -->","yoast_head_json":{"title":"Wissenswertes - Flegra Collection Hotels","robots":{"index":"index","follow":"follow","max-snippet":"max-snippet:-1","max-image-preview":"max-image-preview:large","max-video-preview":"max-video-preview:-1"},"canonical":"https:\/\/www.flegracollection.com\/de\/wissenswertes\/","og_locale":"de_DE","og_type":"article","og_title":"Wissenswertes - Flegra Collection Hotels","og_description":"Beim Besuch in Halkidiki wird man schnell merken, dass dieser Ort etwas ganz Besonderes ist. Neben paradiesischen Str\u00e4nden, Sonne und atemberaubenden Meerblicken gibt es noch viel mehr zu erkunden. Auf dem Programm stehen mitunter Aktivit\u00e4ten f\u00fcr Adrenalinliebhaber, Familienausfl\u00fcge wie Wanderrouten und Bootsfahrten sowie historische und kulturelle Highlights. Das Flegra Collection Team hat verschiedene Tipps parat [&hellip;]","og_url":"https:\/\/www.flegracollection.com\/de\/wissenswertes\/","og_site_name":"Flegra Collection Hotels","article_modified_time":"2020-03-28T08:22:21+00:00","og_image":[{"url":"https:\/\/www.flegracollection.com\/wp-content\/uploads\/2019\/08\/points-of-interest-in-halkidiki-500x500.jpg","type":"","width":"","height":""}],"twitter_card":"summary_large_image","twitter_misc":{"Gesch\u00e4tzte Lesezeit":"1\u00a0Minute"},"schema":{"@context":"https:\/\/schema.org","@graph":[{"@type":"WebPage","@id":"https:\/\/www.flegracollection.com\/de\/wissenswertes\/","url":"https:\/\/www.flegracollection.com\/de\/wissenswertes\/","name":"Wissenswertes - Flegra Collection Hotels","isPartOf":{"@id":"https:\/\/www.flegracollection.com\/#website"},"primaryImageOfPage":{"@id":"https:\/\/www.flegracollection.com\/de\/wissenswertes\/#primaryimage"},"image":{"@id":"https:\/\/www.flegracollection.com\/de\/wissenswertes\/#primaryimage"},"thumbnailUrl":"https:\/\/www.flegracollection.com\/wp-content\/uploads\/2019\/08\/points-of-interest-in-halkidiki-500x500.jpg","datePublished":"2020-02-29T22:39:07+00:00","dateModified":"2020-03-28T08:22:21+00:00","breadcrumb":{"@id":"https:\/\/www.flegracollection.com\/de\/wissenswertes\/#breadcrumb"},"inLanguage":"de","potentialAction":[{"@type":"ReadAction","target":["https:\/\/www.flegracollection.com\/de\/wissenswertes\/"]}]},{"@type":"ImageObject","inLanguage":"de","@id":"https:\/\/www.flegracollection.com\/de\/wissenswertes\/#primaryimage","url":"https:\/\/www.flegracollection.com\/wp-content\/uploads\/2019\/08\/points-of-interest-in-halkidiki-500x500.jpg","contentUrl":"https:\/\/www.flegracollection.com\/wp-content\/uploads\/2019\/08\/points-of-interest-in-halkidiki-500x500.jpg"},{"@type":"BreadcrumbList","@id":"https:\/\/www.flegracollection.com\/de\/wissenswertes\/#breadcrumb","itemListElement":[{"@type":"ListItem","position":1,"name":"Home","item":"https:\/\/www.flegracollection.com\/"},{"@type":"ListItem","position":2,"name":"Wissenswertes"}]},{"@type":"WebSite","@id":"https:\/\/www.flegracollection.com\/#website","url":"https:\/\/www.flegracollection.com\/","name":"Flegra Collection Hotels","description":"35 Years of Hospitality Hotels in Halkidiki","potentialAction":[{"@type":"SearchAction","target":{"@type":"EntryPoint","urlTemplate":"https:\/\/www.flegracollection.com\/?s={search_term_string}"},"query-input":{"@type":"PropertyValueSpecification","valueRequired":true,"valueName":"search_term_string"}}],"inLanguage":"de"}]}},"_links":{"self":[{"href":"https:\/\/www.flegracollection.com\/de\/wp-json\/wp\/v2\/pages\/8717","targetHints":{"allow":["GET"]}}],"collection":[{"href":"https:\/\/www.flegracollection.com\/de\/wp-json\/wp\/v2\/pages"}],"about":[{"href":"https:\/\/www.flegracollection.com\/de\/wp-json\/wp\/v2\/types\/page"}],"author":[{"embeddable":true,"href":"https:\/\/www.flegracollection.com\/de\/wp-json\/wp\/v2\/users\/2"}],"replies":[{"embeddable":true,"href":"https:\/\/www.flegracollection.com\/de\/wp-json\/wp\/v2\/comments?post=8717"}],"version-history":[{"count":0,"href":"https:\/\/www.flegracollection.com\/de\/wp-json\/wp\/v2\/pages\/8717\/revisions"}],"wp:attachment":[{"href":"https:\/\/www.flegracollection.com\/de\/wp-json\/wp\/v2\/media?parent=8717"}],"curies":[{"name":"wp","href":"https:\/\/api.w.org\/{rel}","templated":true}]}}